{"id":9,"date":"2014-01-19T19:30:02","date_gmt":"2014-01-19T19:30:02","guid":{"rendered":"https:\/\/backup.tms-lohnbetrieb.de\/index.php\/transporte\/"},"modified":"2025-02-25T20:15:18","modified_gmt":"2025-02-25T19:15:18","slug":"transporte","status":"publish","type":"page","link":"https:\/\/tms-lohnbetrieb.de\/index.php\/transporte\/","title":{"rendered":"Transporte"},"content":{"rendered":"<p>[et_pb_section fb_built=&#8220;1&#8243; admin_label=&#8220;section&#8220; _builder_version=&#8220;4.16&#8243; global_colors_info=&#8220;{}&#8220;][et_pb_row _builder_version=&#8220;4.16&#8243; global_colors_info=&#8220;{}&#8220;][et_pb_column type=&#8220;4_4&#8243; _builder_version=&#8220;4.16&#8243; global_colors_info=&#8220;{}&#8220;][et_pb_slider _builder_version=&#8220;4.27.4&#8243; background_color=&#8220;#44580e&#8220; hover_transition_delay=&#8220;50ms&#8220; hover_transition_speed_curve=&#8220;ease-in-out&#8220; hover_enabled=&#8220;0&#8243; global_colors_info=&#8220;{}&#8220; show_pagination=&#8220;off&#8220; auto=&#8220;on&#8220; sticky_enabled=&#8220;0&#8243;][et_pb_slide heading=&#8220;TMS Transport&#8220; _builder_version=&#8220;4.27.4&#8243; global_colors_info=&#8220;{}&#8220; sticky_transition=&#8220;on&#8220;]<\/p>\n<p><strong data-start=\"65\" data-end=\"105\">Effiziente Transportl\u00f6sungen von TMS<\/strong><br data-start=\"105\" data-end=\"108\" \/>TMS Lohnbetrieb bietet zuverl\u00e4ssige und flexible Transportl\u00f6sungen f\u00fcr landwirtschaftliche und gewerbliche Eins\u00e4tze. Mit einem modernen Fuhrpark und erfahrenen Fahrern transportieren wir Sch\u00fcttg\u00fcter, Maschinen und andere Ladungen sicher und termingerecht. Verlassen Sie sich auf unsere Expertise f\u00fcr eine reibungslose Logistik!<\/p>\n<p>[\/et_pb_slide][et_pb_slide _builder_version=&#8220;4.27.4&#8243; background_image=&#8220;https:\/\/tms-lohnbetrieb.de\/wp-content\/uploads\/2025\/02\/Foto-23.01.25-18-21-23-1.jpg&#8220; background_enable_image=&#8220;on&#8220; global_colors_info=&#8220;{}&#8220; sticky_transition=&#8220;on&#8220;][\/et_pb_slide][\/et_pb_slider][\/et_pb_column][\/et_pb_row][et_pb_row column_structure=&#8220;1_2,1_2&#8243; _builder_version=&#8220;4.16&#8243; global_colors_info=&#8220;{}&#8220;][et_pb_column type=&#8220;1_2&#8243; _builder_version=&#8220;4.16&#8243; global_colors_info=&#8220;{}&#8220;][et_pb_image src=&#8220;https:\/\/tms-lohnbetrieb.de\/wp-content\/uploads\/2020\/06\/images_Baggerarbeiten_IMG_7917-300&#215;225-1.jpg&#8220; title_text=&#8220;images_Baggerarbeiten_IMG_7917-300&#215;225&#8243; force_fullwidth=&#8220;on&#8220; _builder_version=&#8220;4.16&#8243; global_colors_info=&#8220;{}&#8220;][\/et_pb_image][\/et_pb_column][et_pb_column type=&#8220;1_2&#8243; _builder_version=&#8220;4.16&#8243; global_colors_info=&#8220;{}&#8220;][et_pb_text _builder_version=&#8220;4.16&#8243; global_colors_info=&#8220;{}&#8220;]<\/p>\n<p><strong><span>Tiefladertransport<\/span><\/strong><\/p>\n<ul>\n<li><span>Dreiachs-\u00dcberfahr-Tieflade- Anh\u00e4nger der Firma M\u00fcller Mitteltal<\/span><\/li>\n<\/ul>\n<p>[\/et_pb_text][\/et_pb_column][\/et_pb_row][et_pb_row column_structure=&#8220;1_2,1_2&#8243; _builder_version=&#8220;4.16&#8243; global_colors_info=&#8220;{}&#8220;][et_pb_column type=&#8220;1_2&#8243; _builder_version=&#8220;4.16&#8243; global_colors_info=&#8220;{}&#8220;][et_pb_text _builder_version=&#8220;4.16&#8243; global_colors_info=&#8220;{}&#8220;]<\/p>\n<p><strong><span>Containertransport mit Schlepper oder LKW<\/span><\/strong><\/p>\n<ul>\n<li><span>Kr\u00f6ger Agroliner Hakenger\u00e4t<\/span><\/li>\n<li><span>Erdmulde<\/span><\/li>\n<li><span>Leichtgutcontainer<\/span><\/li>\n<li><span>Trocknungscontainer<\/span><\/li>\n<\/ul>\n<p>[\/et_pb_text][\/et_pb_column][et_pb_column type=&#8220;1_2&#8243; _builder_version=&#8220;4.16&#8243; global_colors_info=&#8220;{}&#8220;][\/et_pb_column][\/et_pb_row][et_pb_row column_structure=&#8220;1_2,1_2&#8243; _builder_version=&#8220;4.16&#8243; global_colors_info=&#8220;{}&#8220;][et_pb_column type=&#8220;1_2&#8243; _builder_version=&#8220;4.16&#8243; global_colors_info=&#8220;{}&#8220;][et_pb_image src=&#8220;https:\/\/tms-lohnbetrieb.de\/wp-content\/uploads\/2025\/01\/Foto-30.07.24-18-32-03-scaled.jpg&#8220; title_text=&#8220;Foto 30.07.24, 18 32 03&#8243; _builder_version=&#8220;4.27.4&#8243; _module_preset=&#8220;default&#8220; global_colors_info=&#8220;{}&#8220;][\/et_pb_image][\/et_pb_column][et_pb_column type=&#8220;1_2&#8243; _builder_version=&#8220;4.16&#8243; global_colors_info=&#8220;{}&#8220;][et_pb_text _builder_version=&#8220;4.16&#8243; global_colors_info=&#8220;{}&#8220;]<\/p>\n<p><strong><span>Stroh- Heu- oder Silage-Transport<\/span><\/strong><\/p>\n<ul>\n<li><span>Teleskoplader oder Frontladerschlepper mit Ballenzange \/ Gabel<\/span><\/li>\n<li><span>mehrere Transportballenwagen<\/span><\/li>\n<\/ul>\n<p>[\/et_pb_text][\/et_pb_column][\/et_pb_row][\/et_pb_section]<\/p>\n","protected":false},"excerpt":{"rendered":"<p>Effiziente Transportl\u00f6sungen von TMSTMS Lohnbetrieb bietet zuverl\u00e4ssige und flexible Transportl\u00f6sungen f\u00fcr landwirtschaftliche und gewerbliche Eins\u00e4tze. Mit einem modernen Fuhrpark und erfahrenen Fahrern transportieren wir Sch\u00fcttg\u00fcter, Maschinen und andere Ladungen sicher und termingerecht. Verlassen Sie sich auf unsere Expertise f\u00fcr eine reibungslose Logistik!Tiefladertransport Dreiachs-\u00dcberfahr-Tieflade- Anh\u00e4nger der Firma M\u00fcller Mitteltal Containertransport mit Schlepper oder LKW Kr\u00f6ger Agroliner [&hellip;]<\/p>\n","protected":false},"author":1,"featured_media":6,"parent":0,"menu_order":27,"comment_status":"closed","ping_status":"closed","template":"","meta":{"_et_pb_use_builder":"on","_et_pb_old_content":"<p><strong><span style=\"font-size: 12pt;\">Holzhackschnitzeltransport<\/span><\/strong><\/p> <ul> <li><span style=\"font-size: 10pt;\">40m3 Bergmann Abfahrwagen<\/span><\/li> <li><span style=\"font-size: 10pt;\">15m<sup>3<\/sup> Strautmann 3-Seiten-Kipper f\u00fcr Kleinstmengen<\/span><\/li> <\/ul> <p><span style=\"font-size: 10pt;\"><img class=\" size-full wp-image-6\" src=\"https:\/\/tms-lohnbetrieb.de\/wp-content\/uploads\/2014\/01\/images_Bilder_DL_HolzTransport.JPG\" alt=\"\" width=\"448\" height=\"336\" \/><\/span><\/p> <hr \/> <p><strong><span style=\"font-size: 12pt;\">Stroh- Heu- oder Silage-Transport<\/span><\/strong><\/p> <ul> <li><span style=\"font-size: 10pt;\">Teleskoplader oder Frontladerschlepper mit Ballenzange \/ Gabel<\/span><\/li> <li><span style=\"font-size: 10pt;\">mehrere Transportballenwagen<\/span><\/li> <\/ul> <p><span style=\"font-size: 10pt;\"><img class=\" size-full wp-image-7\" src=\"https:\/\/tms-lohnbetrieb.de\/wp-content\/uploads\/2014\/01\/images_Bilder_DL_Strohtransport3.jpg\" alt=\"\" width=\"447\" height=\"335\" \/><\/span><\/p> <hr \/> <p><strong><span style=\"font-size: 12pt;\">Containertransport<\/span><\/strong><\/p> <ul> <li><span style=\"font-size: 10pt;\">Kr\u00f6ger Agroliner Hakenger\u00e4t<\/span><\/li> <li><span style=\"font-size: 10pt;\">Erdmulde<\/span><\/li> <li><span style=\"font-size: 10pt;\">Leichtgutcontainer<\/span><\/li> <li><span style=\"font-size: 10pt;\">Trocknungscontainer<\/span><\/li> <\/ul> <p>\u00a0<\/p> <hr \/> <p><strong><span style=\"font-size: 12pt;\">Tiefladertransport<\/span><\/strong><\/p> <ul> <li><span style=\"font-size: 13.3333px;\">Dreiachs-\u00dcberfahr-Tieflade- Anh\u00e4nger der Firma M\u00fcller Mitteltal<\/span><\/li> <\/ul> <p><span style=\"font-size: 13.3333px;\"><img class=\" size-full wp-image-8\" src=\"https:\/\/tms-lohnbetrieb.de\/wp-content\/uploads\/2014\/01\/images_Baggerarbeiten_IMG_7921.JPG\" alt=\"\" width=\"448\" height=\"336\" \/>\u00a0<\/span><\/p> <p>\u00a0<\/p> <p>\u00a0<\/p> <p>\u00a0<\/p> <p>\u00a0<\/p>","_et_gb_content_width":"","footnotes":""},"class_list":["post-9","page","type-page","status-publish","has-post-thumbnail","hentry"],"_links":{"self":[{"href":"https:\/\/tms-lohnbetrieb.de\/index.php\/wp-json\/wp\/v2\/pages\/9","targetHints":{"allow":["GET"]}}],"collection":[{"href":"https:\/\/tms-lohnbetrieb.de\/index.php\/wp-json\/wp\/v2\/pages"}],"about":[{"href":"https:\/\/tms-lohnbetrieb.de\/index.php\/wp-json\/wp\/v2\/types\/page"}],"author":[{"embeddable":true,"href":"https:\/\/tms-lohnbetrieb.de\/index.php\/wp-json\/wp\/v2\/users\/1"}],"replies":[{"embeddable":true,"href":"https:\/\/tms-lohnbetrieb.de\/index.php\/wp-json\/wp\/v2\/comments?post=9"}],"version-history":[{"count":6,"href":"https:\/\/tms-lohnbetrieb.de\/index.php\/wp-json\/wp\/v2\/pages\/9\/revisions"}],"predecessor-version":[{"id":1362,"href":"https:\/\/tms-lohnbetrieb.de\/index.php\/wp-json\/wp\/v2\/pages\/9\/revisions\/1362"}],"wp:featuredmedia":[{"embeddable":true,"href":"https:\/\/tms-lohnbetrieb.de\/index.php\/wp-json\/wp\/v2\/media\/6"}],"wp:attachment":[{"href":"https:\/\/tms-lohnbetrieb.de\/index.php\/wp-json\/wp\/v2\/media?parent=9"}],"curies":[{"name":"wp","href":"https:\/\/api.w.org\/{rel}","templated":true}]}}