{"id":65,"date":"2014-01-19T19:30:02","date_gmt":"2014-01-19T19:30:02","guid":{"rendered":"https:\/\/backup.tms-lohnbetrieb.de\/index.php\/mais-aussaat\/"},"modified":"2025-02-24T20:36:55","modified_gmt":"2025-02-24T19:36:55","slug":"mais-aussaat","status":"publish","type":"page","link":"https:\/\/tms-lohnbetrieb.de\/index.php\/mais-aussaat\/","title":{"rendered":"Mais Aussaat"},"content":{"rendered":"<p>[et_pb_section fb_built=&#8220;1&#8243; _builder_version=&#8220;4.16&#8243; global_colors_info=&#8220;{}&#8220;][et_pb_row _builder_version=&#8220;4.16&#8243; global_colors_info=&#8220;{}&#8220;][et_pb_column type=&#8220;4_4&#8243; _builder_version=&#8220;4.16&#8243; global_colors_info=&#8220;{}&#8220;][et_pb_slider use_bg_overlay=&#8220;off&#8220; use_text_overlay=&#8220;off&#8220; _builder_version=&#8220;4.27.4&#8243; background_color=&#8220;#44580e&#8220; background_image=&#8220;https:\/\/tms-lohnbetrieb.de\/wp-content\/uploads\/2020\/06\/IMG_2074_1600x1067.jpg&#8220; min_height=&#8220;667px&#8220; animation_style=&#8220;fade&#8220; auto=&#8220;on&#8220; hover_enabled=&#8220;0&#8243; global_colors_info=&#8220;{}&#8220; sticky_enabled=&#8220;0&#8243;][et_pb_slide heading=&#8220;Vor der Ernte kommt die Aussaat !&#8220; _builder_version=&#8220;4.27.4&#8243; background_image=&#8220;https:\/\/tms-lohnbetrieb.de\/wp-content\/uploads\/2025\/01\/Foto-23.01.25-13-25-50.jpg&#8220; background_enable_image=&#8220;on&#8220; hover_enabled=&#8220;0&#8243; global_colors_info=&#8220;{}&#8220; sticky_transition=&#8220;on&#8220; title_text=&#8220;Foto 23.01.25, 13 25 50&#8243; sticky_enabled=&#8220;0&#8243;][\/et_pb_slide][et_pb_slide heading=&#8220;Vor der Ernte kommt die Aussaat !&#8220; _builder_version=&#8220;4.27.4&#8243; background_image=&#8220;https:\/\/tms-lohnbetrieb.de\/wp-content\/uploads\/2025\/01\/Foto-23.01.25-13-25-50-13.jpg&#8220; background_enable_image=&#8220;on&#8220; hover_enabled=&#8220;0&#8243; global_colors_info=&#8220;{}&#8220; sticky_transition=&#8220;on&#8220; title_text=&#8220;Foto 23.01.25, 13 25 50 (13)&#8220; sticky_enabled=&#8220;0&#8243;][\/et_pb_slide][\/et_pb_slider][\/et_pb_column][\/et_pb_row][et_pb_row column_structure=&#8220;2_5,3_5&#8243; _builder_version=&#8220;4.16&#8243; global_colors_info=&#8220;{}&#8220;][et_pb_column type=&#8220;2_5&#8243; _builder_version=&#8220;4.16&#8243; global_colors_info=&#8220;{}&#8220;][et_pb_image src=&#8220;https:\/\/tms-lohnbetrieb.de\/wp-content\/uploads\/2025\/01\/Foto-23.01.25-13-25-50-11.jpg&#8220; _builder_version=&#8220;4.27.4&#8243; _module_preset=&#8220;default&#8220; hover_enabled=&#8220;0&#8243; sticky_enabled=&#8220;0&#8243; title_text=&#8220;Foto 23.01.25, 13 25 50 (11)&#8220;][\/et_pb_image][\/et_pb_column][et_pb_column type=&#8220;3_5&#8243; _builder_version=&#8220;4.16&#8243; global_colors_info=&#8220;{}&#8220;][et_pb_text _builder_version=&#8220;4.27.4&#8243; hover_enabled=&#8220;0&#8243; global_colors_info=&#8220;{}&#8220; sticky_enabled=&#8220;0&#8243;]<\/p>\n<div class=\"entry-content\">\n<p><strong><span>Fendt Vario mitHorsch Maestro 12 CX<br \/><\/span><\/strong><\/p>\n<ul>\n<li>12 reihiges S\u00e4aggregat<\/li>\n<li>50 cm Reihenabstand mit Fahrgassenschaltung<\/li>\n<li>3500l D\u00fcngertank inklusive Wiegeeinrichtung<\/li>\n<li>elektrische Dosierger\u00e4te, zur optimalen D\u00fcnger Ablage (2-400 kg\/ha)<\/li>\n<li>Turbo-D\u00fcngerschnecke zur Selbstbef\u00fcllung (weniger als 5 Minuten)<\/li>\n<li>GPS gesteuerte Aussaat mit Einzelreihenabschaltung, Section Control und Variable Rate Control f\u00fcr fl\u00e4chenspeziefische Ausbringung<\/li>\n<li>hohe Schlagkraft durch weniger R\u00fcstzeiten und nicht durch h\u00f6here Fahrgeschwindigkeit<\/li>\n<li>breite Bereifung zur Bodenschonung<\/li>\n<\/ul>\n<\/div>\n<p>[\/et_pb_text][\/et_pb_column][\/et_pb_row][\/et_pb_section]<\/p>\n","protected":false},"excerpt":{"rendered":"<p>Fendt Vario mitHorsch Maestro 12 CX 12 reihiges S\u00e4aggregat 50 cm Reihenabstand mit Fahrgassenschaltung 3500l D\u00fcngertank inklusive Wiegeeinrichtung elektrische Dosierger\u00e4te, zur optimalen D\u00fcnger Ablage (2-400 kg\/ha) Turbo-D\u00fcngerschnecke zur Selbstbef\u00fcllung (weniger als 5 Minuten) GPS gesteuerte Aussaat mit Einzelreihenabschaltung, Section Control und Variable Rate Control f\u00fcr fl\u00e4chenspeziefische Ausbringung hohe Schlagkraft durch weniger R\u00fcstzeiten und nicht durch [&hellip;]<\/p>\n","protected":false},"author":1,"featured_media":64,"parent":0,"menu_order":15,"comment_status":"closed","ping_status":"closed","template":"","meta":{"_et_pb_use_builder":"on","_et_pb_old_content":"<span style=\"font-size: medium;\">Vor der Ernte kommt die Aussaat. Nur durch modernste S\u00e4technik ist eine gute Ernte realisierbar - wir sind f\u00fcr Sie da!<\/span>\n<p style=\"text-align: left;\"><strong><span style=\"font-size: medium;\">Fendt Vario mit Kverneland FlexCart - Optima HD\n<\/span><\/strong><\/p>\n\n<ul style=\"list-style-type: disc;\">\n \t<li>12 reihiges S\u00e4aggregat<\/li>\n \t<li>50 cm Reihenabstand mit Fahrgassenschaltung<\/li>\n \t<li>4300l D\u00fcngertank inklusive Wiegeeinrichtung<\/li>\n \t<li>elektrische Dosierger\u00e4te, zur optimalen D\u00fcnger Ablage (2-400 kg\/ha)<\/li>\n \t<li>Turbo-D\u00fcngerschnecke zur Selbstbef\u00fcllung (weniger als 5 Minuten)<\/li>\n \t<li>GPS gesteuerte Aussaat mit Einzelreihenabschaltung<\/li>\n \t<li>hohe Schlagkraft durch weniger R\u00fcstzeiten und nicht durch h\u00f6here Fahrgeschwindigkeit<\/li>\n \t<li>breite Bereifung zur Bodenschonung<\/li>\n<\/ul>\n&nbsp;<img class=\" size-full wp-image-64\" src=\"https:\/\/tms-lohnbetrieb.de\/wp-content\/uploads\/2014\/01\/images_JMYI4871.JPG\" alt=\"\" width=\"400\" height=\"300\">","_et_gb_content_width":"","footnotes":""},"class_list":["post-65","page","type-page","status-publish","has-post-thumbnail","hentry"],"_links":{"self":[{"href":"https:\/\/tms-lohnbetrieb.de\/index.php\/wp-json\/wp\/v2\/pages\/65","targetHints":{"allow":["GET"]}}],"collection":[{"href":"https:\/\/tms-lohnbetrieb.de\/index.php\/wp-json\/wp\/v2\/pages"}],"about":[{"href":"https:\/\/tms-lohnbetrieb.de\/index.php\/wp-json\/wp\/v2\/types\/page"}],"author":[{"embeddable":true,"href":"https:\/\/tms-lohnbetrieb.de\/index.php\/wp-json\/wp\/v2\/users\/1"}],"replies":[{"embeddable":true,"href":"https:\/\/tms-lohnbetrieb.de\/index.php\/wp-json\/wp\/v2\/comments?post=65"}],"version-history":[{"count":6,"href":"https:\/\/tms-lohnbetrieb.de\/index.php\/wp-json\/wp\/v2\/pages\/65\/revisions"}],"predecessor-version":[{"id":1344,"href":"https:\/\/tms-lohnbetrieb.de\/index.php\/wp-json\/wp\/v2\/pages\/65\/revisions\/1344"}],"wp:featuredmedia":[{"embeddable":true,"href":"https:\/\/tms-lohnbetrieb.de\/index.php\/wp-json\/wp\/v2\/media\/64"}],"wp:attachment":[{"href":"https:\/\/tms-lohnbetrieb.de\/index.php\/wp-json\/wp\/v2\/media?parent=65"}],"curies":[{"name":"wp","href":"https:\/\/api.w.org\/{rel}","templated":true}]}}