{"id":54,"date":"2014-01-19T19:30:02","date_gmt":"2014-01-19T19:30:02","guid":{"rendered":"https:\/\/backup.tms-lohnbetrieb.de\/index.php\/holzhackschnitzel\/"},"modified":"2025-02-25T20:17:58","modified_gmt":"2025-02-25T19:17:58","slug":"holzhackschnitzel","status":"publish","type":"page","link":"https:\/\/tms-lohnbetrieb.de\/index.php\/holzhackschnitzel\/","title":{"rendered":"Holzhackschnitzel"},"content":{"rendered":"<p>[et_pb_section fb_built=&#8220;1&#8243; admin_label=&#8220;section&#8220; _builder_version=&#8220;4.16&#8243; global_colors_info=&#8220;{}&#8220;][et_pb_row admin_label=&#8220;row&#8220; _builder_version=&#8220;4.16&#8243; background_size=&#8220;initial&#8220; background_position=&#8220;top_left&#8220; background_repeat=&#8220;repeat&#8220; min_height=&#8220;214px&#8220; custom_padding=&#8220;||29px|||&#8220; global_colors_info=&#8220;{}&#8220;][et_pb_column type=&#8220;4_4&#8243; _builder_version=&#8220;4.16&#8243; custom_padding=&#8220;|||&#8220; global_colors_info=&#8220;{}&#8220; custom_padding__hover=&#8220;|||&#8220;][et_pb_text _builder_version=&#8220;4.16&#8243; background_color=&#8220;#44580e&#8220; global_colors_info=&#8220;{}&#8220;]<\/p>\n<h1 style=\"text-align: center;\"><span style=\"color: #ffffff;\"><\/span><\/h1>\n<p><span style=\"color: #ffffff;\"><\/span><\/p>\n<p><span style=\"color: #ffffff;\"><\/span><\/p>\n<h1 style=\"text-align: center;\"><span style=\"color: #ffffff;\">Hackschnitzel\u00a0!!!<\/span><\/h1>\n<p><span style=\"color: #ffffff;\">\u00a0<\/span><\/p>\n<h1 style=\"text-align: center;\"><span style=\"color: #ffffff;\">eigene Herstellung &amp; Verkauf<\/span><\/h1>\n<p><span style=\"color: #ffffff;\"><\/span><\/p>\n<p><span style=\"color: #ffffff;\"><\/span><\/p>\n<h2 style=\"text-align: center;\"><span style=\"color: #ffffff;\">Haben Sie Bedarf an gr\u00f6\u00dferen Mengen? &#8211;\u00a0Rufen Sie uns an!<\/span><\/h2>\n<p><span style=\"color: #ffffff;\"><\/span><\/p>\n<p><span style=\"color: #ffffff;\"><\/span><\/p>\n<p><span style=\"color: #ffffff;\"><\/span><\/p>\n<p>[\/et_pb_text][\/et_pb_column][\/et_pb_row][et_pb_row column_structure=&#8220;1_2,1_2&#8243; _builder_version=&#8220;4.16&#8243; global_colors_info=&#8220;{}&#8220;][et_pb_column type=&#8220;1_2&#8243; _builder_version=&#8220;4.16&#8243; global_colors_info=&#8220;{}&#8220;][et_pb_image src=&#8220;https:\/\/tms-lohnbetrieb.de\/wp-content\/uploads\/2014\/01\/images_Kommunal_Hackschnitzelhaufen.jpg&#8220; title_text=&#8220;images_Kommunal_Hackschnitzelhaufen&#8220; _builder_version=&#8220;4.16&#8243; global_colors_info=&#8220;{}&#8220;][\/et_pb_image][\/et_pb_column][et_pb_column type=&#8220;1_2&#8243; _builder_version=&#8220;4.16&#8243; global_colors_info=&#8220;{}&#8220;][et_pb_text _builder_version=&#8220;4.27.4&#8243; hover_enabled=&#8220;0&#8243; global_colors_info=&#8220;{}&#8220; sticky_enabled=&#8220;0&#8243;]<\/p>\n<h2><strong><span>Holzhackschnitzel<\/span><\/strong><\/h2>\n<ul>\n<li>\n<h3>G\u00fcteklasse G30, G50 und G80 gr\u00f6\u00dfere Mengen verf\u00fcgbar<\/h3>\n<\/li>\n<li>\n<h3>Lieferung m\u00f6glich<\/h3>\n<\/li>\n<li>\n<h3>Abholung ab Platz m\u00f6glich &#8211; Ladem\u00f6glichkeit vorhanden<\/h3>\n<\/li>\n<li>\n<h3>Gesiebt und getrocknet<\/h3>\n<\/li>\n<\/ul>\n<p>&nbsp;<\/p>\n<p>[\/et_pb_text][\/et_pb_column][\/et_pb_row][\/et_pb_section]<\/p>\n","protected":false},"excerpt":{"rendered":"<p>Hackschnitzel\u00a0!!! \u00a0 eigene Herstellung &amp; Verkauf Haben Sie Bedarf an gr\u00f6\u00dferen Mengen? &#8211;\u00a0Rufen Sie uns an! Holzhackschnitzel G\u00fcteklasse G30, G50 und G80 gr\u00f6\u00dfere Mengen verf\u00fcgbar Lieferung m\u00f6glich Abholung ab Platz m\u00f6glich &#8211; Ladem\u00f6glichkeit vorhanden Gesiebt und getrocknet &nbsp;<\/p>\n","protected":false},"author":1,"featured_media":53,"parent":0,"menu_order":19,"comment_status":"closed","ping_status":"closed","template":"","meta":{"_et_pb_use_builder":"on","_et_pb_old_content":"<div class=\"art-postcontent clearfix\"> <div class=\"art-article\"> <p><span style=\"font-size: medium;\">Auf dieser Seite finden Sie alle Informationen rund um die aktuellen Produkte aus dem Bereich der Hackschnitzel.\u00a0<br \/><\/span><\/p> <p><span style=\"font-size: medium;\">Haben Sie Bedarf an gr\u00f6\u00dferen Mengen ? - <\/span><span style=\"font-size: medium;\">Rufen Sie uns gerne an!<\/span><\/p> <p>\u00a0<\/p> <hr \/> <p>\u00a0<\/p> <p style=\"text-align: left;\"><strong><span style=\"font-size: medium;\">Holzhackschnitzel<\/span><\/strong><\/p> <ul style=\"list-style-type: disc;\"> <li>G\u00fcteklasse G30, G50 und G80 gr\u00f6\u00dfere Mengen verf\u00fcgbar<\/li> <li>Lieferung m\u00f6glich<\/li> <li>Abholung ab Platz m\u00f6glich - Ladem\u00f6glichkeit vorhanden<\/li> <\/ul> <p><img class=\" size-full wp-image-53\" src=\"https:\/\/tms-lohnbetrieb.de\/wp-content\/uploads\/2014\/01\/images_Kommunal_Hackschnitzelhaufen.jpg\" alt=\"\" width=\"456\" height=\"343\" \/><\/p> <\/div> <\/div>","_et_gb_content_width":"","footnotes":""},"class_list":["post-54","page","type-page","status-publish","has-post-thumbnail","hentry"],"_links":{"self":[{"href":"https:\/\/tms-lohnbetrieb.de\/index.php\/wp-json\/wp\/v2\/pages\/54","targetHints":{"allow":["GET"]}}],"collection":[{"href":"https:\/\/tms-lohnbetrieb.de\/index.php\/wp-json\/wp\/v2\/pages"}],"about":[{"href":"https:\/\/tms-lohnbetrieb.de\/index.php\/wp-json\/wp\/v2\/types\/page"}],"author":[{"embeddable":true,"href":"https:\/\/tms-lohnbetrieb.de\/index.php\/wp-json\/wp\/v2\/users\/1"}],"replies":[{"embeddable":true,"href":"https:\/\/tms-lohnbetrieb.de\/index.php\/wp-json\/wp\/v2\/comments?post=54"}],"version-history":[{"count":4,"href":"https:\/\/tms-lohnbetrieb.de\/index.php\/wp-json\/wp\/v2\/pages\/54\/revisions"}],"predecessor-version":[{"id":1363,"href":"https:\/\/tms-lohnbetrieb.de\/index.php\/wp-json\/wp\/v2\/pages\/54\/revisions\/1363"}],"wp:featuredmedia":[{"embeddable":true,"href":"https:\/\/tms-lohnbetrieb.de\/index.php\/wp-json\/wp\/v2\/media\/53"}],"wp:attachment":[{"href":"https:\/\/tms-lohnbetrieb.de\/index.php\/wp-json\/wp\/v2\/media?parent=54"}],"curies":[{"name":"wp","href":"https:\/\/api.w.org\/{rel}","templated":true}]}}