{"id":52,"date":"2014-01-19T19:30:02","date_gmt":"2014-01-19T19:30:02","guid":{"rendered":"https:\/\/backup.tms-lohnbetrieb.de\/index.php\/stroh-heu-und-silageballen\/"},"modified":"2025-02-25T20:25:15","modified_gmt":"2025-02-25T19:25:15","slug":"stroh-heu-und-silageballen","status":"publish","type":"page","link":"https:\/\/tms-lohnbetrieb.de\/index.php\/stroh-heu-und-silageballen\/","title":{"rendered":"Stroh-, Heu- und Silageballen"},"content":{"rendered":"<p>[et_pb_section fb_built=&#8220;1&#8243; admin_label=&#8220;section&#8220; _builder_version=&#8220;4.16&#8243; global_colors_info=&#8220;{}&#8220;][et_pb_row column_structure=&#8220;1_3,1_3,1_3&#8243; _builder_version=&#8220;4.16&#8243; global_colors_info=&#8220;{}&#8220;][et_pb_column type=&#8220;1_3&#8243; _builder_version=&#8220;4.16&#8243; global_colors_info=&#8220;{}&#8220;][et_pb_text _builder_version=&#8220;4.27.4&#8243; background_color=&#8220;#44580e&#8220; min_height=&#8220;244px&#8220; hover_enabled=&#8220;0&#8243; global_colors_info=&#8220;{}&#8220; title_text=&#8220;Foto 31.07.24, 15 41 06&#8243; background_image=&#8220;https:\/\/tms-lohnbetrieb.de\/wp-content\/uploads\/2025\/01\/Foto-31.07.24-15-41-06-scaled.jpg&#8220; sticky_enabled=&#8220;0&#8243;]<\/p>\n<h1 style=\"text-align: center;\"><span style=\"color: #ffffff;\"><\/span><\/h1>\n<h1 style=\"text-align: center;\"><span style=\"color: #ffffff;\"><\/span><\/h1>\n<h1 style=\"text-align: center;\"><span style=\"color: #ffffff;\"><\/span><\/h1>\n<p><span style=\"color: #ffffff;\">#<\/span><\/p>\n<p><span style=\"color: #ffffff;\"><\/span><\/p>\n<p><span style=\"color: #ffffff;\"><\/span><\/p>\n<p><span style=\"color: #ffffff;\"><\/span><\/p>\n<h1 style=\"text-align: center;\"><span style=\"color: #ffffff;\">Strohballen ???<\/span><\/h1>\n<p><span style=\"color: #ffffff;\"><\/span><\/p>\n<p><span style=\"color: #ffffff;\"><\/span><\/p>\n<p><span style=\"color: #ffffff;\"><\/span><\/p>\n<p>[\/et_pb_text][\/et_pb_column][et_pb_column type=&#8220;1_3&#8243; _builder_version=&#8220;4.16&#8243; global_colors_info=&#8220;{}&#8220;][et_pb_text _builder_version=&#8220;4.27.4&#8243; background_color=&#8220;#44580e&#8220; hover_enabled=&#8220;0&#8243; global_colors_info=&#8220;{}&#8220; title_text=&#8220;57538f0e-5cb3-4d76-ae3b-173679b1423a&#8220; background_image=&#8220;https:\/\/tms-lohnbetrieb.de\/wp-content\/uploads\/2020\/06\/57538f0e-5cb3-4d76-ae3b-173679b1423a.jpg&#8220; sticky_enabled=&#8220;0&#8243;]<\/p>\n<p>&nbsp;<\/p>\n<p>&nbsp;<\/p>\n<p>&nbsp;<\/p>\n<h1 style=\"text-align: center;\"><span style=\"color: #ffffff;\">Heuballen ???<\/span><\/h1>\n<p>&nbsp;<\/p>\n<p>&nbsp;<\/p>\n<p>&nbsp;<\/p>\n<p>[\/et_pb_text][\/et_pb_column][et_pb_column type=&#8220;1_3&#8243; _builder_version=&#8220;4.16&#8243; global_colors_info=&#8220;{}&#8220;][et_pb_text _builder_version=&#8220;4.27.4&#8243; background_color=&#8220;#44580e&#8220; hover_enabled=&#8220;0&#8243; global_colors_info=&#8220;{}&#8220; title_text=&#8220;images_Pressen_TMS-17-380&#215;214&#8243; background_image=&#8220;https:\/\/tms-lohnbetrieb.de\/wp-content\/uploads\/2020\/06\/images_Pressen_TMS-17-380&#215;214-2.jpg&#8220; sticky_enabled=&#8220;0&#8243;]<\/p>\n<p>&nbsp;<\/p>\n<p>&nbsp;<\/p>\n<p>&nbsp;<\/p>\n<h1 style=\"text-align: center;\"><span style=\"color: #ffffff;\">Silageballen ???<\/span><\/h1>\n<p>&nbsp;<\/p>\n<p>&nbsp;<\/p>\n<p>&nbsp;<\/p>\n<p>[\/et_pb_text][\/et_pb_column][\/et_pb_row][et_pb_row _builder_version=&#8220;4.16&#8243; global_colors_info=&#8220;{}&#8220;][et_pb_column type=&#8220;4_4&#8243; _builder_version=&#8220;4.16&#8243; global_colors_info=&#8220;{}&#8220;][et_pb_text _builder_version=&#8220;4.27.4&#8243; hover_enabled=&#8220;0&#8243; global_colors_info=&#8220;{}&#8220; sticky_enabled=&#8220;0&#8243;]<\/p>\n<h2 style=\"text-align: center;\">verschiedene Ballengr\u00f6\u00dfen auf Anfrage verf\u00fcgbar:<\/h2>\n<h2><\/h2>\n<h2><\/h2>\n<h2>Rundballen<\/h2>\n<h2><\/h2>\n<h2>Quaderballen 80 x 70 x 190<\/h2>\n<h2>Quaderballen 80 x 50 x 20<\/h2>\n<h2>Quaderballen 120 x 70 x 140<\/h2>\n<h2><\/h2>\n<p>[\/et_pb_text][\/et_pb_column][\/et_pb_row][et_pb_row _builder_version=&#8220;4.16&#8243; global_colors_info=&#8220;{}&#8220;][et_pb_column type=&#8220;4_4&#8243; _builder_version=&#8220;4.16&#8243; global_colors_info=&#8220;{}&#8220;][et_pb_text _builder_version=&#8220;4.27.4&#8243; hover_enabled=&#8220;0&#8243; global_colors_info=&#8220;{}&#8220; sticky_enabled=&#8220;0&#8243;]<\/p>\n<h2>Top Qualit\u00e4t<\/h2>\n<h2>ungeschnitten, geschnitten oder geh\u00e4ckselt<\/h2>\n<p>[\/et_pb_text][\/et_pb_column][\/et_pb_row][et_pb_row _builder_version=&#8220;4.16&#8243; global_colors_info=&#8220;{}&#8220;][et_pb_column type=&#8220;4_4&#8243; _builder_version=&#8220;4.16&#8243; global_colors_info=&#8220;{}&#8220;][et_pb_text _builder_version=&#8220;4.16&#8243; background_color=&#8220;#e02b20&#8243; global_colors_info=&#8220;{}&#8220;]<\/p>\n<h2 style=\"text-align: center;\"><span style=\"color: #ffffff;\"><\/span><\/h2>\n<h2 style=\"text-align: center;\"><span style=\"color: #ffffff;\"><\/span><\/h2>\n<h2 style=\"text-align: center;\"><span style=\"color: #ffffff;\">Lieferung m\u00f6glich <\/span><\/h2>\n<h2 style=\"text-align: center;\"><span style=\"color: #ffffff;\">Abholung ab Platz m\u00f6glich <\/span><\/h2>\n<h2 style=\"text-align: center;\"><span style=\"color: #ffffff;\">Ladem\u00f6glichkeit vorhanden<\/span><\/h2>\n<h5 style=\"text-align: center;\"><span style=\"color: #ffffff;\"><\/span><\/h5>\n<p><span style=\"color: #ffffff;\"><span color=\"#008080\" style=\"color: #008080;\"><\/span><\/span><\/p>\n<p>[\/et_pb_text][\/et_pb_column][\/et_pb_row][\/et_pb_section]<\/p>\n","protected":false},"excerpt":{"rendered":"<p># Strohballen ??? &nbsp; &nbsp; &nbsp; Heuballen ??? &nbsp; &nbsp; &nbsp;&nbsp; &nbsp; &nbsp; Silageballen ??? &nbsp; &nbsp; &nbsp;verschiedene Ballengr\u00f6\u00dfen auf Anfrage verf\u00fcgbar: Rundballen Quaderballen 80 x 70 x 190 Quaderballen 80 x 50 x 20 Quaderballen 120 x 70 x 140 Top Qualit\u00e4t ungeschnitten, geschnitten oder geh\u00e4ckselt Lieferung m\u00f6glich Abholung ab Platz m\u00f6glich Ladem\u00f6glichkeit vorhanden<\/p>\n","protected":false},"author":1,"featured_media":0,"parent":0,"menu_order":20,"comment_status":"closed","ping_status":"closed","template":"","meta":{"_et_pb_use_builder":"on","_et_pb_old_content":"<div class=\"art-postcontent clearfix\"> <div class=\"art-article\"> <p style=\"text-align: center;\"><span style=\"font-size: medium;\">Sie suchen...<\/span><\/p> <p style=\"text-align: center;\"><strong><span style=\"font-size: medium;\">Strohballen ??? Heuballen ??? Silageballen ???<\/span><\/strong><\/p> <p style=\"text-align: center;\"><strong><span style=\"font-size: medium;\">Gefunden !<\/span><\/strong><\/p> <p style=\"text-align: center;\">\u00a0<\/p> <p style=\"text-align: center;\"><span style=\"font-size: medium;\">Alle Produkte selbstverst\u00e4ndlich in TOP - Qualit\u00e4t!<\/span><\/p> <p style=\"text-align: center;\"><span style=\"font-size: medium;\">Interesse geweckt? - Rufen Sie uns an!<\/span><\/p> <p>\u00a0<\/p> <hr \/> <p>\u00a0<\/p> <p style=\"text-align: left;\"><strong><span style=\"font-size: medium;\">Stroh <br \/><\/span><\/strong><\/p> <ul style=\"list-style-type: disc;\"> <li>zur Zeit leider kein Lagerbestand<\/li> <\/ul> <p>\u00a0<\/p> <hr \/> <p>\u00a0<\/p> <p style=\"text-align: left;\"><strong><span style=\"font-size: medium;\">Heu<br \/><\/span><\/strong><\/p> <ul style=\"list-style-type: disc;\"> <li>zur Zeit leider kein Lagerbestand<\/li> <\/ul> <p>\u00a0<\/p> <hr \/> <p>\u00a0<\/p> <p style=\"text-align: left;\"><strong><span style=\"font-size: medium;\">Silage<br \/><\/span><\/strong><\/p> <ul> <li style=\"text-align: left;\">verschiedene Ballengr\u00f6\u00dfen ab sofort verf\u00fcgbar:<\/li> <li style=\"text-align: left;\">Rundballen<\/li> <li style=\"text-align: left;\">Quaderballen 80 * 70 * 190<\/li> <li style=\"text-align: left;\">Quaderballen 120 * 70 * 140<\/li> <\/ul> <\/div> <\/div>","_et_gb_content_width":"","footnotes":""},"class_list":["post-52","page","type-page","status-publish","hentry"],"_links":{"self":[{"href":"https:\/\/tms-lohnbetrieb.de\/index.php\/wp-json\/wp\/v2\/pages\/52","targetHints":{"allow":["GET"]}}],"collection":[{"href":"https:\/\/tms-lohnbetrieb.de\/index.php\/wp-json\/wp\/v2\/pages"}],"about":[{"href":"https:\/\/tms-lohnbetrieb.de\/index.php\/wp-json\/wp\/v2\/types\/page"}],"author":[{"embeddable":true,"href":"https:\/\/tms-lohnbetrieb.de\/index.php\/wp-json\/wp\/v2\/users\/1"}],"replies":[{"embeddable":true,"href":"https:\/\/tms-lohnbetrieb.de\/index.php\/wp-json\/wp\/v2\/comments?post=52"}],"version-history":[{"count":8,"href":"https:\/\/tms-lohnbetrieb.de\/index.php\/wp-json\/wp\/v2\/pages\/52\/revisions"}],"predecessor-version":[{"id":1364,"href":"https:\/\/tms-lohnbetrieb.de\/index.php\/wp-json\/wp\/v2\/pages\/52\/revisions\/1364"}],"wp:attachment":[{"href":"https:\/\/tms-lohnbetrieb.de\/index.php\/wp-json\/wp\/v2\/media?parent=52"}],"curies":[{"name":"wp","href":"https:\/\/api.w.org\/{rel}","templated":true}]}}