{"id":51,"date":"2014-01-19T19:30:02","date_gmt":"2014-01-19T19:30:02","guid":{"rendered":"https:\/\/backup.tms-lohnbetrieb.de\/index.php\/gebrauchtboerse\/"},"modified":"2020-10-19T10:52:06","modified_gmt":"2020-10-19T09:52:06","slug":"gebrauchtboerse","status":"publish","type":"page","link":"https:\/\/tms-lohnbetrieb.de\/index.php\/gebrauchtboerse\/","title":{"rendered":"Gebrauchtb\u00f6rse"},"content":{"rendered":"<p>[et_pb_section fb_built=&#8220;1&#8243; admin_label=&#8220;section&#8220; _builder_version=&#8220;3.22&#8243;][et_pb_row admin_label=&#8220;row&#8220; _builder_version=&#8220;3.25&#8243; background_size=&#8220;initial&#8220; background_position=&#8220;top_left&#8220; background_repeat=&#8220;repeat&#8220;][et_pb_column type=&#8220;4_4&#8243; _builder_version=&#8220;3.25&#8243; custom_padding=&#8220;|||&#8220; custom_padding__hover=&#8220;|||&#8220;][et_pb_text _builder_version=&#8220;4.4.8&#8243; background_color=&#8220;#44580e&#8220;]<\/p>\n<h1 style=\"text-align: center;\"><span style=\"color: #ffffff;\"><\/span><\/h1>\n<h1 style=\"text-align: center;\"><span style=\"color: #ffffff;\"><\/span><\/h1>\n<h1 style=\"text-align: center;\"><span style=\"color: #ffffff;\">Gebrauchtb\u00f6rse\u00a0<\/span><\/h1>\n<p><span style=\"color: #ffffff;\"><\/span><\/p>\n<p><span style=\"color: #ffffff;\"><\/span><\/p>\n<p>[\/et_pb_text][\/et_pb_column][\/et_pb_row][\/et_pb_section]<\/p>\n","protected":false},"excerpt":{"rendered":"<p>Gebrauchtb\u00f6rse\u00a0<\/p>\n","protected":false},"author":1,"featured_media":50,"parent":0,"menu_order":21,"comment_status":"closed","ping_status":"closed","template":"","meta":{"_et_pb_use_builder":"on","_et_pb_old_content":"<p style=\"text-align: center;\"><strong><span style=\"font-size: 12pt;\">Hereinschauen lohnt sich !!!<\/span><\/strong><\/p> <p style=\"text-align: center;\">\u00a0<\/p> <p style=\"text-align: center;\"><strong><span style=\"font-size: 12pt;\"><img class=\" size-full wp-image-50\" src=\"https:\/\/tms-lohnbetrieb.de\/wp-content\/uploads\/2014\/01\/images_Bilder_DL_gebrauchtmarkt.gif\" alt=\"\" width=\"300\" height=\"260\" \/><\/span><\/strong><\/p> <p style=\"text-align: center;\">\u00a0<\/p> <p style=\"text-align: center;\"><span style=\"font-size: 12pt;\">Auf dieser Seite finden Sie unsere aktuellen Angebote rund um die Themen <\/span><\/p> <p style=\"text-align: center;\"><span style=\"font-size: 12pt;\">Gebrauchtmaschinen - Reifen - sonstige zu ver\u00e4u\u00dfernde Ger\u00e4tschaften.<\/span><\/p> <p style=\"text-align: center;\">\u00a0<\/p> <p style=\"text-align: center;\"><span style=\"font-size: 12pt;\">Interesse geweckt? <\/span><\/p> <p style=\"text-align: center;\"><span style=\"font-size: 12pt;\">Kurz anrufen um einen Termin ab zu stimmen <\/span><span style=\"font-size: 12pt;\">und zur direkten Besichtigung vorbei schauen<\/span><span style=\"font-size: 12pt;\">.<\/span><\/p> <p style=\"text-align: right;\">\u00a0<\/p> <p>\u00a0<\/p> <p>\u00a0<\/p> <p>\u00a0<\/p> <p>\u00a0<\/p>","_et_gb_content_width":"","footnotes":""},"class_list":["post-51","page","type-page","status-publish","has-post-thumbnail","hentry"],"_links":{"self":[{"href":"https:\/\/tms-lohnbetrieb.de\/index.php\/wp-json\/wp\/v2\/pages\/51","targetHints":{"allow":["GET"]}}],"collection":[{"href":"https:\/\/tms-lohnbetrieb.de\/index.php\/wp-json\/wp\/v2\/pages"}],"about":[{"href":"https:\/\/tms-lohnbetrieb.de\/index.php\/wp-json\/wp\/v2\/types\/page"}],"author":[{"embeddable":true,"href":"https:\/\/tms-lohnbetrieb.de\/index.php\/wp-json\/wp\/v2\/users\/1"}],"replies":[{"embeddable":true,"href":"https:\/\/tms-lohnbetrieb.de\/index.php\/wp-json\/wp\/v2\/comments?post=51"}],"version-history":[{"count":5,"href":"https:\/\/tms-lohnbetrieb.de\/index.php\/wp-json\/wp\/v2\/pages\/51\/revisions"}],"predecessor-version":[{"id":1261,"href":"https:\/\/tms-lohnbetrieb.de\/index.php\/wp-json\/wp\/v2\/pages\/51\/revisions\/1261"}],"wp:featuredmedia":[{"embeddable":true,"href":"https:\/\/tms-lohnbetrieb.de\/index.php\/wp-json\/wp\/v2\/media\/50"}],"wp:attachment":[{"href":"https:\/\/tms-lohnbetrieb.de\/index.php\/wp-json\/wp\/v2\/media?parent=51"}],"curies":[{"name":"wp","href":"https:\/\/api.w.org\/{rel}","templated":true}]}}