{"id":5,"date":"2014-01-19T19:30:02","date_gmt":"2014-01-19T19:30:02","guid":{"rendered":"https:\/\/backup.tms-lohnbetrieb.de\/index.php\/ueber-uns\/"},"modified":"2024-11-20T10:06:07","modified_gmt":"2024-11-20T09:06:07","slug":"ueber-uns","status":"publish","type":"page","link":"https:\/\/tms-lohnbetrieb.de\/index.php\/ueber-uns\/","title":{"rendered":"TMS Team"},"content":{"rendered":"<p>[et_pb_section fb_built=&#8220;1&#8243; _builder_version=&#8220;4.16&#8243; global_colors_info=&#8220;{}&#8220;][et_pb_row _builder_version=&#8220;4.16&#8243; global_colors_info=&#8220;{}&#8220;][et_pb_column type=&#8220;4_4&#8243; _builder_version=&#8220;4.16&#8243; global_colors_info=&#8220;{}&#8220;][et_pb_text _builder_version=&#8220;4.16&#8243; background_color=&#8220;#e02b20&#8243; global_colors_info=&#8220;{}&#8220;]<\/p>\n<h2 style=\"text-align: center;\"><span style=\"color: #ffffff;\"><\/span><\/h2>\n<h2 style=\"text-align: center;\"><span style=\"color: #ffffff;\"><\/span><\/h2>\n<h2 style=\"text-align: center;\"><span style=\"color: #ffffff;\">Zuverl\u00e4ssigkeit ist UNSERE St\u00e4rke!<\/span><\/h2>\n<p><span style=\"color: #ffffff;\"><\/span><\/p>\n<p><span style=\"color: #ffffff;\"><\/span><\/p>\n<p>[\/et_pb_text][\/et_pb_column][\/et_pb_row][et_pb_row column_structure=&#8220;2_5,3_5&#8243; _builder_version=&#8220;4.16&#8243; min_height=&#8220;328px&#8220; global_colors_info=&#8220;{}&#8220;][et_pb_column type=&#8220;2_5&#8243; _builder_version=&#8220;4.16&#8243; global_colors_info=&#8220;{}&#8220;][et_pb_image src=&#8220;https:\/\/tms-lohnbetrieb.de\/wp-content\/uploads\/2020\/06\/TM.png&#8220; title_text=&#8220;TM&#8220; align=&#8220;center&#8220; _builder_version=&#8220;4.16&#8243; width=&#8220;92.8%&#8220; min_height=&#8220;484px&#8220; custom_margin=&#8220;|-11px||||&#8220; global_colors_info=&#8220;{}&#8220;][\/et_pb_image][et_pb_text _builder_version=&#8220;4.16&#8243; global_colors_info=&#8220;{}&#8220;]<\/p>\n<h2 style=\"text-align: center;\">Karl &#8211; Thorsten Maas<\/h2>\n<p>&nbsp;<\/p>\n<h2 style=\"text-align: center;\">Inhaber<\/h2>\n<p>&nbsp;<\/p>\n<h2 style=\"text-align: center;\">Tel.: 0173 \/ 3607903<\/h2>\n<p>[\/et_pb_text][\/et_pb_column][et_pb_column type=&#8220;3_5&#8243; _builder_version=&#8220;4.16&#8243; global_colors_info=&#8220;{}&#8220;][et_pb_text _builder_version=&#8220;4.27.3&#8243; _module_preset=&#8220;default&#8220; hover_enabled=&#8220;0&#8243; sticky_enabled=&#8220;0&#8243;]<\/p>\n<p><strong>Herzlich Willkommen bei Ihrem Lohnunternehmen Thorsten Maas aus der S\u00fcdermarsch!<\/strong><\/p>\n<p>Seit 2005 stehen wir Ihnen mit Leidenschaft, Kompetenz und einer breiten Palette an Dienstleistungen rund um Landwirtschaft, Kommunal- und Forstarbeiten zur Seite. Unser Betrieb, gef\u00fchrt von Thorsten Maas, vereint Zuverl\u00e4ssigkeit, Humor und ein sympathisches Auftreten mit modernster Technik und professionellem Know-how.<\/p>\n<h3>Unsere Leistungen:<\/h3>\n<ul>\n<li><strong>Maisaussaat<\/strong>: Pr\u00e4zise, effizient und termingerecht.<\/li>\n<li><strong>Landmaschinen-Werkstatt<\/strong>: Wartung, Reparatur und Pflege f\u00fcr Ihre Maschinen.<\/li>\n<li><strong>Baggerarbeiten<\/strong>: Vom kleinen Projekt bis zur Gro\u00dfbaustelle.<\/li>\n<li><strong>Winterdienst<\/strong>: F\u00fcr sichere Stra\u00dfen und Wege.<\/li>\n<li><strong>Kommunaldienst<\/strong>: Unterst\u00fctzung f\u00fcr Gemeinden und \u00f6ffentliche Einrichtungen.<\/li>\n<li><strong>Forsttechnik<\/strong>: Professionelle Arbeiten in der Forstwirtschaft.<\/li>\n<li>Und viele weitere <strong>Agrardienste<\/strong>, individuell auf Ihre Bed\u00fcrfnisse abgestimmt.<\/li>\n<\/ul>\n<p>Mit Thorsten Maas als Inhaber haben Sie nicht nur einen Experten an Ihrer Seite, sondern auch jemanden, der mit Herz, Humor und einer guten Portion norddeutschem Charme \u00fcberzeugt. <strong>Ein Mann f\u00fcr jede Herausforderung!<\/strong><\/p>\n<p><strong>Kontaktieren Sie uns \u2013 wir freuen uns auf Ihre Anfrage!<\/strong><br \/>Gemeinsam finden wir die perfekte L\u00f6sung f\u00fcr Ihre Aufgaben.<\/p>\n<p>[\/et_pb_text][\/et_pb_column][\/et_pb_row][et_pb_row _builder_version=&#8220;4.16&#8243; global_colors_info=&#8220;{}&#8220;][et_pb_column type=&#8220;4_4&#8243; _builder_version=&#8220;4.16&#8243; global_colors_info=&#8220;{}&#8220;][et_pb_text _builder_version=&#8220;4.16&#8243; background_color=&#8220;#44580e&#8220; global_colors_info=&#8220;{}&#8220;]<\/p>\n<h1 style=\"text-align: center;\"><span style=\"color: #ffffff;\"><\/span><\/h1>\n<h1 style=\"text-align: center;\"><span style=\"color: #ffffff;\"><\/span><\/h1>\n<h1 style=\"text-align: center;\"><span style=\"color: #ffffff;\"><\/span><\/h1>\n<h1 style=\"text-align: center;\"><span style=\"color: #ffffff;\">\u00a0M\u00f6chtest du ein Teil unseres Teams werden ?<\/span><\/h1>\n<p><span style=\"color: #ffffff;\"><\/span><\/p>\n<p><span style=\"color: #ffffff;\"><\/span><\/p>\n<p><span style=\"color: #ffffff;\"><\/span><\/p>\n<p>[\/et_pb_text][\/et_pb_column][\/et_pb_row][et_pb_row _builder_version=&#8220;4.16&#8243; _module_preset=&#8220;default&#8220; background_image=&#8220;https:\/\/tms-lohnbetrieb.de\/wp-content\/uploads\/2021\/03\/Bewerbung_Mrz-2021.png&#8220; min_height=&#8220;750px&#8220; global_colors_info=&#8220;{}&#8220;][et_pb_column type=&#8220;4_4&#8243; _builder_version=&#8220;4.16&#8243; _module_preset=&#8220;default&#8220; global_colors_info=&#8220;{}&#8220;][\/et_pb_column][\/et_pb_row][\/et_pb_section]<\/p>\n","protected":false},"excerpt":{"rendered":"<p>Zuverl\u00e4ssigkeit ist UNSERE St\u00e4rke! Karl &#8211; Thorsten Maas &nbsp; Inhaber &nbsp; Tel.: 0173 \/ 3607903Herzlich Willkommen bei Ihrem Lohnunternehmen Thorsten Maas aus der S\u00fcdermarsch! Seit 2005 stehen wir Ihnen mit Leidenschaft, Kompetenz und einer breiten Palette an Dienstleistungen rund um Landwirtschaft, Kommunal- und Forstarbeiten zur Seite. Unser Betrieb, gef\u00fchrt von Thorsten Maas, vereint Zuverl\u00e4ssigkeit, Humor [&hellip;]<\/p>\n","protected":false},"author":1,"featured_media":3,"parent":0,"menu_order":28,"comment_status":"closed","ping_status":"closed","template":"","meta":{"_et_pb_use_builder":"on","_et_pb_old_content":"<p style=\"text-align: center;\"><span style=\"font-size: medium;\"><strong><span style=\"font-size: large;\"><img class=\" size-full wp-image-3\" src=\"https:\/\/tms-lohnbetrieb.de\/wp-content\/uploads\/2014\/01\/images_Marketing_Trecker-LOGO.png\" alt=\"\" width=\"121\" height=\"88\" \/><\/span><\/strong><\/span><\/p> <p style=\"text-align: center;\">\u00a0<\/p> <p style=\"text-align: center;\"><span style=\"font-size: medium;\"><strong><span style=\"font-size: large;\">TMS Lohnbetrieb - Zuverl\u00e4ssigkeit ist unsere St\u00e4rke !!!\u00a0 \u00a0 \u00a0\u00a0<\/span><\/strong><br \/><\/span><\/p> <p style=\"text-align: center;\">\u00a0<\/p> <p style=\"text-align: center;\"><span style=\"font-size: medium;\">\u00a0<span style=\"font-size: small;\"><span style=\"font-size: medium;\">Die Firma TMS Lohnbetrieb, gegr\u00fcndet am 01.03.2005 ist ein land- und kommunaltechnisches <\/span><\/span><\/span><\/p> <p style=\"text-align: center;\"><span style=\"font-size: medium;\"><span style=\"font-size: small;\"><span style=\"font-size: medium;\">L<\/span><\/span><\/span><span style=\"font-size: medium;\"><span style=\"font-size: small;\"><span style=\"font-size: medium;\">ohnunternehmen <\/span><\/span><\/span><span style=\"font-size: medium;\"><span style=\"font-size: small;\"><span style=\"font-size: medium;\">mit Sitz in der S\u00fcdermarsch in Nordfriesland.<\/span><\/span> <\/span><\/p> <p style=\"text-align: center;\"><span style=\"font-size: medium;\">Firmenchef Thorsten Maas ist gelernter Landmaschinenmechaniker <\/span><\/p> <p style=\"text-align: center;\"><span style=\"font-size: medium;\">und hat sein Handwerk von der Pike auf gelernt.\u00a0<br \/><\/span><\/p> <p style=\"text-align: center;\">\u00a0<\/p> <p style=\"text-align: center;\"><span style=\"font-size: medium;\">Stets und bis heute mit Leidenschaft bei der Sache entschloss er sich 2005 <\/span><\/p> <p style=\"text-align: center;\"><span style=\"font-size: medium;\">den Weg in die Selbst\u00e4ndigkeit zu wagen. <\/span><\/p> <p style=\"text-align: center;\"><span style=\"font-size: medium;\">Seit diesem Zeitpunkt wachsen die angebotenen Leistungen der Unternehmung stetig an.<\/span><\/p> <p style=\"text-align: center;\"><span style=\"font-size: medium;\">Es macht auch heute nach \u00fcber 10 Jahren Selbst\u00e4ndigkeit unver\u00e4ndert Spa\u00df!\u00a0<\/span><\/p> <p style=\"text-align: center;\">\u00a0<\/p> <p style=\"text-align: center;\"><span style=\"font-size: medium;\">Um den aktuellen gesetzlichen Erfordernissen Rechnung zu tragen absolvierte Thorsten Maas im Fr\u00fchjahr 2017 erfolgreich eine Fortbildung zum Thema der Transporte im G\u00fcternahverkehr und erhielt die\u00a0<\/span><\/p> <p style=\"text-align: center;\"><span style=\"font-size: medium;\">\"Bescheinigung der fachlichen Eignung f\u00fcr den G\u00fcternahverkehr\" (IHK Flensburg).<\/span><\/p> <p style=\"text-align: center;\">\u00a0<\/p> <p style=\"text-align: center;\">\u00a0<\/p> <p style=\"text-align: center;\"><strong><span style=\"font-size: medium;\">\"Probleme gibt es bei uns nicht - es gibt nur Herausforderungen!\"<\/span><\/strong><\/p> <p style=\"text-align: center;\">\u00a0<\/p> <p style=\"text-align: center;\"><span style=\"font-size: medium;\">So freuen wir uns auch bei kniffligen Themen \u00fcber einen Anruf oder ein direktes Gespr\u00e4ch.\u00a0<\/span><\/p> <p style=\"text-align: center;\">\u00a0<\/p> <p style=\"text-align: center;\"><span style=\"font-size: medium;\">\u00a0<\/span><\/p> <p style=\"text-align: center;\">\u00a0<img class=\" size-full wp-image-4\" src=\"https:\/\/tms-lohnbetrieb.de\/wp-content\/uploads\/2014\/01\/images_NJXF7751.JPG\" alt=\"\" width=\"265\" height=\"354\" \/><\/p> <p style=\"text-align: center;\"><span style=\"font-size: medium;\">\u00a0<\/span><\/p> <p style=\"text-align: center;\"><span style=\"font-size: medium;\"><span style=\"font-size: small;\"><span style=\"font-size: medium;\">\u00a0<\/span><\/span><\/span><\/p>","_et_gb_content_width":"","footnotes":""},"class_list":["post-5","page","type-page","status-publish","has-post-thumbnail","hentry"],"_links":{"self":[{"href":"https:\/\/tms-lohnbetrieb.de\/index.php\/wp-json\/wp\/v2\/pages\/5","targetHints":{"allow":["GET"]}}],"collection":[{"href":"https:\/\/tms-lohnbetrieb.de\/index.php\/wp-json\/wp\/v2\/pages"}],"about":[{"href":"https:\/\/tms-lohnbetrieb.de\/index.php\/wp-json\/wp\/v2\/types\/page"}],"author":[{"embeddable":true,"href":"https:\/\/tms-lohnbetrieb.de\/index.php\/wp-json\/wp\/v2\/users\/1"}],"replies":[{"embeddable":true,"href":"https:\/\/tms-lohnbetrieb.de\/index.php\/wp-json\/wp\/v2\/comments?post=5"}],"version-history":[{"count":26,"href":"https:\/\/tms-lohnbetrieb.de\/index.php\/wp-json\/wp\/v2\/pages\/5\/revisions"}],"predecessor-version":[{"id":1295,"href":"https:\/\/tms-lohnbetrieb.de\/index.php\/wp-json\/wp\/v2\/pages\/5\/revisions\/1295"}],"wp:featuredmedia":[{"embeddable":true,"href":"https:\/\/tms-lohnbetrieb.de\/index.php\/wp-json\/wp\/v2\/media\/3"}],"wp:attachment":[{"href":"https:\/\/tms-lohnbetrieb.de\/index.php\/wp-json\/wp\/v2\/media?parent=5"}],"curies":[{"name":"wp","href":"https:\/\/api.w.org\/{rel}","templated":true}]}}