{"id":30,"date":"2014-01-19T19:30:02","date_gmt":"2014-01-19T19:30:02","guid":{"rendered":"https:\/\/backup.tms-lohnbetrieb.de\/index.php\/maisernte\/"},"modified":"2025-02-25T20:02:38","modified_gmt":"2025-02-25T19:02:38","slug":"maisernte","status":"publish","type":"page","link":"https:\/\/tms-lohnbetrieb.de\/index.php\/maisernte\/","title":{"rendered":"Maisernte"},"content":{"rendered":"<p>[et_pb_section fb_built=&#8220;1&#8243; admin_label=&#8220;section&#8220; _builder_version=&#8220;4.16&#8243; global_colors_info=&#8220;{}&#8220;][et_pb_row _builder_version=&#8220;4.16&#8243; global_colors_info=&#8220;{}&#8220;][et_pb_column type=&#8220;4_4&#8243; _builder_version=&#8220;4.16&#8243; global_colors_info=&#8220;{}&#8220;][et_pb_text _builder_version=&#8220;4.16&#8243; background_color=&#8220;#44580e&#8220; global_colors_info=&#8220;{}&#8220;]<\/p>\n<h1 style=\"text-align: center;\"><span><\/span><\/h1>\n<h1 style=\"text-align: center;\"><span><\/span><\/h1>\n<h1 style=\"text-align: center;\"><span><\/span><\/h1>\n<h1 style=\"text-align: center;\"><span style=\"text-decoration: underline;\"><span style=\"color: #ffffff; text-decoration: underline;\">komplette H\u00e4ckselkette<\/span><\/span><\/h1>\n<p><span style=\"text-decoration: underline;\"><span style=\"color: #ffffff; text-decoration: underline;\"><\/span><\/span><\/p>\n<h1 style=\"text-align: center;\"><span style=\"color: #ffffff;\">40m\u00b3 Abfahrwagen<\/span><\/h1>\n<h1 style=\"text-align: center;\"><span style=\"color: #ffffff;\">Reserveh\u00e4cksler<\/span><\/h1>\n<h1 style=\"text-align: center;\"><span style=\"color: #ffffff;\">Walztechnik auf dem Silo<\/span><\/h1>\n<p><span><\/span><\/p>\n<p><span><\/span><\/p>\n<p><span><\/span><\/p>\n<p>[\/et_pb_text][\/et_pb_column][\/et_pb_row][et_pb_row column_structure=&#8220;3_5,2_5&#8243; _builder_version=&#8220;4.16&#8243; global_colors_info=&#8220;{}&#8220;][et_pb_column type=&#8220;3_5&#8243; _builder_version=&#8220;4.16&#8243; global_colors_info=&#8220;{}&#8220;][et_pb_image src=&#8220;https:\/\/tms-lohnbetrieb.de\/wp-content\/uploads\/2025\/02\/PHOTO-2025-02-06-21-29-59-2-scaled.jpg&#8220; _builder_version=&#8220;4.27.4&#8243; _module_preset=&#8220;default&#8220; title_text=&#8220;PHOTO-2025-02-06-21-29-59 (2)&#8220; hover_enabled=&#8220;0&#8243; sticky_enabled=&#8220;0&#8243;][\/et_pb_image][\/et_pb_column][et_pb_column type=&#8220;2_5&#8243; _builder_version=&#8220;4.16&#8243; global_colors_info=&#8220;{}&#8220;][et_pb_text _builder_version=&#8220;4.16&#8243; global_colors_info=&#8220;{}&#8220;]<\/p>\n<h2><strong><span>Krone Big X 770 &#8222;Harald&#8220;<\/span><\/strong><\/h2>\n<ul>\n<li>\n<h2>3m EasyFlow PickUp<\/h2>\n<\/li>\n<li>\n<h2>6,2m X-Disc Direktschneidwerk f\u00fcr GPS<\/h2>\n<\/li>\n<li>\n<h2>40 Messer Biogastrommel f\u00fcr k\u00fcrzeste Schnittl\u00e4ngen in Verbindung mit Direktschneidwerk f\u00fcr GPS<\/h2>\n<\/li>\n<li>\n<h2>elektronisch gesteuerte Dosiermittelanlage<\/h2>\n<\/li>\n<\/ul>\n<ul>\n<li><\/li>\n<\/ul>\n<p>[\/et_pb_text][\/et_pb_column][\/et_pb_row][et_pb_row column_structure=&#8220;2_5,3_5&#8243; _builder_version=&#8220;4.16&#8243; global_colors_info=&#8220;{}&#8220;][et_pb_column type=&#8220;2_5&#8243; _builder_version=&#8220;4.16&#8243; global_colors_info=&#8220;{}&#8220;][et_pb_text _builder_version=&#8220;4.16&#8243; global_colors_info=&#8220;{}&#8220;]<\/p>\n<h2><strong><span>&#8218;Krone Big X 770 Feldh\u00e4cksler\u00a0\u2192\u00a0&#8222;BERNARD&#8220;<br \/><\/span><\/strong><\/h2>\n<ul>\n<li>\n<h2>12 reihiges Maisgebiss<\/h2>\n<\/li>\n<li>\n<h2>36 Messer Biogastrommel f\u00fcr k\u00fcrzeste Schnittl\u00e4ngen<\/h2>\n<\/li>\n<li>\n<h2>automatische H\u00e4cksell\u00e4ngenanpassung durch Reifegraderkennung<\/h2>\n<\/li>\n<li>\n<h2>elektronisch gesteuerte Dosiermittelanlage<\/h2>\n<\/li>\n<\/ul>\n<p>[\/et_pb_text][\/et_pb_column][et_pb_column type=&#8220;3_5&#8243; _builder_version=&#8220;4.16&#8243; global_colors_info=&#8220;{}&#8220;][et_pb_image src=&#8220;https:\/\/tms-lohnbetrieb.de\/wp-content\/uploads\/2025\/02\/PHOTO-2025-02-06-21-29-59-1-scaled.jpg&#8220; _builder_version=&#8220;4.27.4&#8243; _module_preset=&#8220;default&#8220; title_text=&#8220;PHOTO-2025-02-06-21-29-59 (1)&#8220; hover_enabled=&#8220;0&#8243; sticky_enabled=&#8220;0&#8243;][\/et_pb_image][\/et_pb_column][\/et_pb_row][et_pb_row column_structure=&#8220;3_5,2_5&#8243; _builder_version=&#8220;4.16&#8243; global_colors_info=&#8220;{}&#8220;][et_pb_column type=&#8220;3_5&#8243; _builder_version=&#8220;4.16&#8243; global_colors_info=&#8220;{}&#8220;][et_pb_image src=&#8220;https:\/\/tms-lohnbetrieb.de\/wp-content\/uploads\/2020\/06\/f7167cbd-c588-48f1-a93d-58f4ce934dc4.jpg&#8220; _builder_version=&#8220;4.27.4&#8243; _module_preset=&#8220;default&#8220; title_text=&#8220;f7167cbd-c588-48f1-a93d-58f4ce934dc4&#8243; hover_enabled=&#8220;0&#8243; sticky_enabled=&#8220;0&#8243;][\/et_pb_image][\/et_pb_column][et_pb_column type=&#8220;2_5&#8243; _builder_version=&#8220;4.16&#8243; global_colors_info=&#8220;{}&#8220;][et_pb_text _builder_version=&#8220;4.16&#8243; global_colors_info=&#8220;{}&#8220;]<\/p>\n<h2><strong><span>Walzen mit Fendt 939 Vario<br \/><\/span><\/strong><\/h2>\n<ul>\n<li>\n<h2>5 -m Schiebeschild &#8211; KLAPPBAR<\/h2>\n<\/li>\n<li>\n<h2>hohe Walzleistung durch beste Balastierung (17t)<\/h2>\n<\/li>\n<li>\n<h2>Zwillings &#8211; Bereifung<\/h2>\n<\/li>\n<\/ul>\n<p>[\/et_pb_text][\/et_pb_column][\/et_pb_row][et_pb_row column_structure=&#8220;2_5,3_5&#8243; _builder_version=&#8220;4.16&#8243; global_colors_info=&#8220;{}&#8220;][et_pb_column type=&#8220;2_5&#8243; _builder_version=&#8220;4.16&#8243; global_colors_info=&#8220;{}&#8220;][et_pb_text _builder_version=&#8220;4.16&#8243; global_colors_info=&#8220;{}&#8220;]<\/p>\n<h2><strong><span>Walzen mit Claas Xerion<br \/><\/span><\/strong><\/h2>\n<ul>\n<li>\n<h2>5 -m Schiebeschild &#8211; KLAPPBAR<\/h2>\n<\/li>\n<li>\n<h2>hohe Walzleistung durch beste Balastierung (17t)<\/h2>\n<\/li>\n<li>\n<h2>Zwillings &#8211; Bereifung<\/h2>\n<\/li>\n<\/ul>\n<p>[\/et_pb_text][\/et_pb_column][et_pb_column type=&#8220;3_5&#8243; _builder_version=&#8220;4.16&#8243; global_colors_info=&#8220;{}&#8220;][et_pb_image src=&#8220;https:\/\/tms-lohnbetrieb.de\/wp-content\/uploads\/2020\/06\/ebfba780-dde4-4717-8154-31031cbc20b5-1.jpg&#8220; title_text=&#8220;ebfba780-dde4-4717-8154-31031cbc20b5&#8243; _builder_version=&#8220;4.27.4&#8243; hover_enabled=&#8220;0&#8243; global_colors_info=&#8220;{}&#8220; sticky_enabled=&#8220;0&#8243;][\/et_pb_image][\/et_pb_column][\/et_pb_row][et_pb_row column_structure=&#8220;3_5,2_5&#8243; _builder_version=&#8220;4.16&#8243; global_colors_info=&#8220;{}&#8220;][et_pb_column type=&#8220;3_5&#8243; _builder_version=&#8220;4.16&#8243; global_colors_info=&#8220;{}&#8220;][et_pb_image src=&#8220;https:\/\/tms-lohnbetrieb.de\/wp-content\/uploads\/2020\/06\/ab29b53b-d997-41f9-bd3d-0ff3529e623b.jpg&#8220; title_text=&#8220;ab29b53b-d997-41f9-bd3d-0ff3529e623b&#8220; _builder_version=&#8220;4.27.4&#8243; hover_enabled=&#8220;0&#8243; global_colors_info=&#8220;{}&#8220; sticky_enabled=&#8220;0&#8243;][\/et_pb_image][\/et_pb_column][et_pb_column type=&#8220;2_5&#8243; _builder_version=&#8220;4.16&#8243; global_colors_info=&#8220;{}&#8220;][et_pb_text _builder_version=&#8220;4.16&#8243; global_colors_info=&#8220;{}&#8220;]<\/p>\n<h2><strong><span>Silagetransport<br \/><\/span><\/strong><\/h2>\n<ul>\n<li>\n<h2>40m\u00b3 Bergmann Abfahrwagen<\/h2>\n<\/li>\n<li>\n<h2>Dosierwalzen<\/h2>\n<\/li>\n<li>\n<h2>bodenschonende Bereifung<\/h2>\n<\/li>\n<li>\n<h2>Solo oder als Gespann<\/h2>\n<\/li>\n<\/ul>\n<p>[\/et_pb_text][\/et_pb_column][\/et_pb_row][et_pb_row column_structure=&#8220;2_5,3_5&#8243; _builder_version=&#8220;4.16&#8243; global_colors_info=&#8220;{}&#8220;][et_pb_column type=&#8220;2_5&#8243; _builder_version=&#8220;4.16&#8243; global_colors_info=&#8220;{}&#8220;][et_pb_text _builder_version=&#8220;4.16&#8243; global_colors_info=&#8220;{}&#8220;]<\/p>\n<h2><span><strong>Silage \u00fcberladen mit TMS Shuttle<br \/><\/strong><\/span><\/h2>\n<ul>\n<li>\n<h2><span>25m\u00b3<\/span><\/h2>\n<\/li>\n<li>\n<h2><span>hohe \u00dcberladeh\u00f6he, bis 4,7m<\/span><\/h2>\n<\/li>\n<li>\n<h2><span>bodenschonende, extra breite Bereifung<\/span><\/h2>\n<\/li>\n<li>\n<h2><span>auch bei extrem nassen Bedingungen einsetzbar<\/span><\/h2>\n<\/li>\n<\/ul>\n<p>[\/et_pb_text][\/et_pb_column][et_pb_column type=&#8220;3_5&#8243; _builder_version=&#8220;4.16&#8243; global_colors_info=&#8220;{}&#8220;][et_pb_image src=&#8220;https:\/\/tms-lohnbetrieb.de\/wp-content\/uploads\/2020\/06\/images_Transporte_TMS-109-300&#215;225-1.jpg&#8220; title_text=&#8220;images_Transporte_TMS-109-300&#215;225&#8243; _builder_version=&#8220;4.27.4&#8243; hover_enabled=&#8220;0&#8243; global_colors_info=&#8220;{}&#8220; sticky_enabled=&#8220;0&#8243;][\/et_pb_image][\/et_pb_column][\/et_pb_row][et_pb_row _builder_version=&#8220;4.27.4&#8243; _module_preset=&#8220;default&#8220; column_structure=&#8220;1_2,1_2&#8243;][et_pb_column _builder_version=&#8220;4.27.4&#8243; _module_preset=&#8220;default&#8220; type=&#8220;1_2&#8243;][et_pb_text _builder_version=&#8220;4.27.4&#8243; _module_preset=&#8220;default&#8220; hover_enabled=&#8220;0&#8243; sticky_enabled=&#8220;0&#8243;]<\/p>\n<h2>2 stk Gileo<\/h2>\n<p>&nbsp;<\/p>\n<p>[\/et_pb_text][\/et_pb_column][et_pb_column _builder_version=&#8220;4.27.4&#8243; _module_preset=&#8220;default&#8220; type=&#8220;1_2&#8243;][\/et_pb_column][\/et_pb_row][\/et_pb_section]<\/p>\n","protected":false},"excerpt":{"rendered":"<p>komplette H\u00e4ckselkette 40m\u00b3 Abfahrwagen Reserveh\u00e4cksler Walztechnik auf dem Silo Krone Big X 770 &#8222;Harald&#8220; 3m EasyFlow PickUp 6,2m X-Disc Direktschneidwerk f\u00fcr GPS 40 Messer Biogastrommel f\u00fcr k\u00fcrzeste Schnittl\u00e4ngen in Verbindung mit Direktschneidwerk f\u00fcr GPS elektronisch gesteuerte Dosiermittelanlage &#8218;Krone Big X 770 Feldh\u00e4cksler\u00a0\u2192\u00a0&#8222;BERNARD&#8220; 12 reihiges Maisgebiss 36 Messer Biogastrommel f\u00fcr k\u00fcrzeste Schnittl\u00e4ngen automatische H\u00e4cksell\u00e4ngenanpassung durch Reifegraderkennung [&hellip;]<\/p>\n","protected":false},"author":1,"featured_media":21,"parent":0,"menu_order":25,"comment_status":"closed","ping_status":"closed","template":"","meta":{"_et_pb_use_builder":"on","_et_pb_old_content":"<p><span style=\"font-size: medium;\">Selbstverst\u00e4ndlich bieten wir Ihnen zur Maisernte eine komplette H\u00e4ckselkette mit 40m\u00b3 Abfahrwagen <\/span><\/p> <p><span style=\"font-size: medium;\">sowie der passenden Walztechnik auf dem Silo. <\/span><\/p> <p>\u00a0<\/p> <p>\u00a0<\/p> <hr \/> <p>\u00a0<\/p> <p>\u00a0<\/p> <p style=\"text-align: left;\"><strong><span style=\"font-size: medium;\">Krone Big X 700 Feldh\u00e4cksler\u00a0\u2192\u00a0\"MICHI\"<br \/><\/span><\/strong><\/p> <ul style=\"list-style-type: disc;\"> <li>12 reihiges Maisgebiss<\/li> <li>40 Messer Biogastrommel f\u00fcr k\u00fcrzeste Schnittl\u00e4ngen<\/li> <li>automatische H\u00e4cksell\u00e4ngenanpassung durch Reifegraderkennung<\/li> <li>elektronisch gesteuerte Dosiermittelanlage<\/li> <\/ul> <p>\u00a0\u00a0\u00a0\u00a0\u00a0\u00a0<img class=\" size-full wp-image-21\" src=\"https:\/\/tms-lohnbetrieb.de\/wp-content\/uploads\/2014\/01\/images_GKUR5556.JPG\" alt=\"\" width=\"312\" height=\"234\" \/><\/p> <hr \/> <p style=\"text-align: left;\">\u00a0<\/p> <p style=\"text-align: left;\"><strong><span style=\"font-size: medium;\">'Krone Big X 770 Feldh\u00e4cksler\u00a0\u2192\u00a0\"BERNARD\"<br \/><\/span><\/strong><\/p> <ul style=\"list-style-type: disc;\"> <li>12 reihiges Maisgebiss<\/li> <li>36 Messer Biogastrommel f\u00fcr k\u00fcrzeste Schnittl\u00e4ngen<\/li> <li>automatische H\u00e4cksell\u00e4ngenanpassung durch Reifegraderkennung<\/li> <li>elektronisch gesteuerte Dosiermittelanlage<\/li> <\/ul> <p><img class=\" size-full wp-image-22\" src=\"https:\/\/tms-lohnbetrieb.de\/wp-content\/uploads\/2014\/01\/images_UEPY4805.JPG\" alt=\"\" width=\"311\" height=\"233\" \/>\u00a0<img class=\" size-full wp-image-23\" src=\"https:\/\/tms-lohnbetrieb.de\/wp-content\/uploads\/2014\/01\/images_AYGD3341.JPG\" alt=\"\" width=\"311\" height=\"233\" \/>\u00a0\u00a0<img class=\" size-full wp-image-13\" src=\"https:\/\/tms-lohnbetrieb.de\/wp-content\/uploads\/2014\/01\/images_NRBC9365.JPG\" alt=\"\" width=\"311\" height=\"233\" \/><\/p> <p>\u00a0<\/p> <hr \/> <p>\u00a0<\/p> <p style=\"text-align: left;\"><strong><span style=\"font-size: medium;\">Walzen mit Fendt 939 Vario<br \/><\/span><\/strong><\/p> <ul style=\"list-style-type: disc;\"> <li>5 -m Schiebeschild - KLAPPBAR<\/li> <li>hohe Walzleistung durch beste Balastierung (17t)<\/li> <li>Zwillings - Bereifung<\/li> <\/ul> <p>\u00a0\u00a0<img class=\" size-full wp-image-24\" src=\"https:\/\/tms-lohnbetrieb.de\/wp-content\/uploads\/2014\/01\/images_KRRV0575.JPG\" alt=\"\" width=\"311\" height=\"233\" \/>\u00a0\u00a0<img class=\" size-full wp-image-25\" src=\"https:\/\/tms-lohnbetrieb.de\/wp-content\/uploads\/2014\/01\/images_BCYJ8340.JPG\" alt=\"\" width=\"259\" height=\"233\" \/><\/p> <p>\u00a0<\/p> <hr \/> <p>\u00a0<\/p> <p style=\"text-align: left;\"><strong><span style=\"font-size: medium;\">Silagetransport<br \/><\/span><\/strong><\/p> <ul style=\"list-style-type: disc;\"> <li>40m\u00b3 Bergmann Abfahrwagen<\/li> <li>Dosierwalzen<\/li> <li>bodenschonende Bereifung<\/li> <li>Solo oder als Gespann<\/li> <\/ul> <p>\u00a0<img class=\" size-full wp-image-26\" src=\"https:\/\/tms-lohnbetrieb.de\/wp-content\/uploads\/2014\/01\/images_OTJR5981.JPG\" alt=\"\" width=\"310\" height=\"233\" \/><\/p> <hr \/> <p>\u00a0<\/p> <p>\u00a0<\/p> <p style=\"text-align: left;\"><strong><span style=\"font-size: medium;\">Silage \u00fcberladen mit TMS Shuttle<br \/><\/span><\/strong><\/p> <ul style=\"list-style-type: disc;\"> <li>25m\u00b3<\/li> <li>hohe \u00dcberladeh\u00f6he, bis 4,7m<\/li> <li>bodenschonende, extra breite Bereifung<\/li> <li>auch bei extrem nassen Bedingungen einsetzbar<\/li> <\/ul> <p><img class=\" size-full wp-image-27\" src=\"https:\/\/tms-lohnbetrieb.de\/wp-content\/uploads\/2014\/01\/images_Bilder_DL_Shuttle1.jpg\" alt=\"\" height=\"200\" \/><img class=\" size-full wp-image-28\" src=\"https:\/\/tms-lohnbetrieb.de\/wp-content\/uploads\/2014\/01\/images_Bilder_DL_Shuttle2.jpg\" alt=\"\" height=\"200\" \/><img class=\" size-full wp-image-29\" src=\"https:\/\/tms-lohnbetrieb.de\/wp-content\/uploads\/2014\/01\/images_Bilder_DL_Shuttle3.jpg\" alt=\"\" height=\"200\" \/><\/p>","_et_gb_content_width":"","footnotes":""},"class_list":["post-30","page","type-page","status-publish","has-post-thumbnail","hentry"],"_links":{"self":[{"href":"https:\/\/tms-lohnbetrieb.de\/index.php\/wp-json\/wp\/v2\/pages\/30","targetHints":{"allow":["GET"]}}],"collection":[{"href":"https:\/\/tms-lohnbetrieb.de\/index.php\/wp-json\/wp\/v2\/pages"}],"about":[{"href":"https:\/\/tms-lohnbetrieb.de\/index.php\/wp-json\/wp\/v2\/types\/page"}],"author":[{"embeddable":true,"href":"https:\/\/tms-lohnbetrieb.de\/index.php\/wp-json\/wp\/v2\/users\/1"}],"replies":[{"embeddable":true,"href":"https:\/\/tms-lohnbetrieb.de\/index.php\/wp-json\/wp\/v2\/comments?post=30"}],"version-history":[{"count":8,"href":"https:\/\/tms-lohnbetrieb.de\/index.php\/wp-json\/wp\/v2\/pages\/30\/revisions"}],"predecessor-version":[{"id":1356,"href":"https:\/\/tms-lohnbetrieb.de\/index.php\/wp-json\/wp\/v2\/pages\/30\/revisions\/1356"}],"wp:featuredmedia":[{"embeddable":true,"href":"https:\/\/tms-lohnbetrieb.de\/index.php\/wp-json\/wp\/v2\/media\/21"}],"wp:attachment":[{"href":"https:\/\/tms-lohnbetrieb.de\/index.php\/wp-json\/wp\/v2\/media?parent=30"}],"curies":[{"name":"wp","href":"https:\/\/api.w.org\/{rel}","templated":true}]}}