{"id":20,"date":"2014-01-19T19:30:02","date_gmt":"2014-01-19T19:30:02","guid":{"rendered":"https:\/\/backup.tms-lohnbetrieb.de\/index.php\/gruenfutterernte\/"},"modified":"2025-02-24T20:48:24","modified_gmt":"2025-02-24T19:48:24","slug":"gruenfutterernte","status":"publish","type":"page","link":"https:\/\/tms-lohnbetrieb.de\/index.php\/gruenfutterernte\/","title":{"rendered":"Gr\u00fcnfutterernte"},"content":{"rendered":"<p>[et_pb_section fb_built=&#8220;1&#8243; admin_label=&#8220;section&#8220; _builder_version=&#8220;4.16&#8243; global_colors_info=&#8220;{}&#8220;][et_pb_row _builder_version=&#8220;4.16&#8243; global_colors_info=&#8220;{}&#8220;][et_pb_column type=&#8220;4_4&#8243; _builder_version=&#8220;4.16&#8243; global_colors_info=&#8220;{}&#8220;][et_pb_text _builder_version=&#8220;4.16&#8243; background_color=&#8220;#44580e&#8220; global_colors_info=&#8220;{}&#8220;]<\/p>\n<h1 style=\"text-align: center;\"><strong><span><\/span><\/strong><\/h1>\n<h1 style=\"text-align: center;\"><strong><span><\/span><\/strong><\/h1>\n<h1 style=\"text-align: center;\"><strong><span><\/span><\/strong><\/h1>\n<h1 style=\"text-align: center;\"><span style=\"color: #ffffff;\"><strong>Egal ob <\/strong><\/span><\/h1>\n<h1 style=\"text-align: center;\"><span style=\"color: #ffffff;\"><strong>&#8230; H\u00e4ckseln, M\u00e4hen, Schwaden, Walzen oder Transport &#8230;<\/strong><\/span><\/h1>\n<h1 style=\"text-align: center;\"><span style=\"color: #ffffff;\"><strong>Wir sind f\u00fcr Sie da\u00a0 &#8211; mit modernster Technik !<\/strong>\u00a0<\/span><\/h1>\n<p>&nbsp;<\/p>\n<p>&nbsp;<\/p>\n<p>&nbsp;<\/p>\n<p>[\/et_pb_text][\/et_pb_column][\/et_pb_row][et_pb_row column_structure=&#8220;2_5,3_5&#8243; _builder_version=&#8220;4.16&#8243; global_colors_info=&#8220;{}&#8220;][et_pb_column type=&#8220;2_5&#8243; _builder_version=&#8220;4.16&#8243; global_colors_info=&#8220;{}&#8220;][et_pb_text _builder_version=&#8220;4.16&#8243; global_colors_info=&#8220;{}&#8220;]<\/p>\n<h2><strong><span>&#8218;Krone Big X 770 Feldh\u00e4cksler\u00a0\u2192\u00a0&#8222;BERNARD&#8220;<\/span><\/strong><\/h2>\n<ul>\n<li>\n<h2>3m EasyFlow PickUp<\/h2>\n<\/li>\n<li>\n<h2>6,2m X-Disc Direktschneidwerk f\u00fcr GPS<\/h2>\n<\/li>\n<li>\n<h2>40 Messer Biogastrommel f\u00fcr k\u00fcrzeste Schnittl\u00e4ngen in Verbindung mit Direktschneidwerk f\u00fcr GPS<\/h2>\n<\/li>\n<li>\n<h2>elektronisch gesteuerte Dosiermittelanlage<\/h2>\n<\/li>\n<\/ul>\n<p>[\/et_pb_text][\/et_pb_column][et_pb_column type=&#8220;3_5&#8243; _builder_version=&#8220;4.16&#8243; global_colors_info=&#8220;{}&#8220;][et_pb_slider _builder_version=&#8220;4.16&#8243; min_height=&#8220;463px&#8220; auto=&#8220;on&#8220; global_colors_info=&#8220;{}&#8220;][et_pb_slide _builder_version=&#8220;4.16&#8243; background_image=&#8220;https:\/\/tms-lohnbetrieb.de\/wp-content\/uploads\/2020\/06\/34c924df-4f64-4e99-9d7a-61d18ddffb35.jpg&#8220; background_enable_image=&#8220;on&#8220; global_colors_info=&#8220;{}&#8220; sticky_transition=&#8220;on&#8220;][\/et_pb_slide][et_pb_slide _builder_version=&#8220;4.16&#8243; background_image=&#8220;https:\/\/tms-lohnbetrieb.de\/wp-content\/uploads\/2020\/06\/96675571-285a-4a85-b9bf-0f68d25038f1.jpg&#8220; background_enable_image=&#8220;on&#8220; global_colors_info=&#8220;{}&#8220; sticky_transition=&#8220;on&#8220;][\/et_pb_slide][et_pb_slide _builder_version=&#8220;4.16&#8243; background_image=&#8220;https:\/\/tms-lohnbetrieb.de\/wp-content\/uploads\/2020\/06\/9d4bbe5f-a962-4585-bb59-54142ffdf42e.jpg&#8220; background_enable_image=&#8220;on&#8220; global_colors_info=&#8220;{}&#8220; sticky_transition=&#8220;on&#8220;][\/et_pb_slide][et_pb_slide _builder_version=&#8220;4.16&#8243; background_image=&#8220;https:\/\/tms-lohnbetrieb.de\/wp-content\/uploads\/2020\/06\/c6368577-a974-4dee-881c-6dad45108214.jpg&#8220; background_enable_image=&#8220;on&#8220; global_colors_info=&#8220;{}&#8220; sticky_transition=&#8220;on&#8220;][\/et_pb_slide][\/et_pb_slider][\/et_pb_column][\/et_pb_row][et_pb_row column_structure=&#8220;1_2,1_2&#8243; _builder_version=&#8220;4.16&#8243; global_colors_info=&#8220;{}&#8220;][et_pb_column _builder_version=&#8220;4.27.4&#8243; _module_preset=&#8220;default&#8220; type=&#8220;1_2&#8243;][et_pb_image src=&#8220;https:\/\/tms-lohnbetrieb.de\/wp-content\/uploads\/2020\/06\/561ea536-78ca-422c-828a-ca8bc5d85a9e.jpg&#8220; _builder_version=&#8220;4.27.4&#8243; _module_preset=&#8220;default&#8220; title_text=&#8220;561ea536-78ca-422c-828a-ca8bc5d85a9e&#8220; hover_enabled=&#8220;0&#8243; sticky_enabled=&#8220;0&#8243;][\/et_pb_image][\/et_pb_column][et_pb_column type=&#8220;1_2&#8243; _builder_version=&#8220;4.16&#8243; global_colors_info=&#8220;{}&#8220;][et_pb_text _builder_version=&#8220;4.16&#8243; global_colors_info=&#8220;{}&#8220;]<\/p>\n<h2><strong><span>Krone Big X 770 &#8222;Harald&#8220;<\/span><\/strong><\/h2>\n<ul>\n<li>\n<h2>3m EasyFlow PickUp<\/h2>\n<\/li>\n<li>\n<h2>6,2m X-Disc Direktschneidwerk f\u00fcr GPS<\/h2>\n<\/li>\n<li>\n<h2>40 Messer Biogastrommel f\u00fcr k\u00fcrzeste Schnittl\u00e4ngen in Verbindung mit Direktschneidwerk f\u00fcr GPS<\/h2>\n<\/li>\n<li>\n<h2>elektronisch gesteuerte Dosiermittelanlage<\/h2>\n<\/li>\n<\/ul>\n<p>[\/et_pb_text][\/et_pb_column][\/et_pb_row][et_pb_row column_structure=&#8220;3_5,2_5&#8243; _builder_version=&#8220;4.16&#8243; global_colors_info=&#8220;{}&#8220;][et_pb_column type=&#8220;3_5&#8243; _builder_version=&#8220;4.16&#8243; global_colors_info=&#8220;{}&#8220;][et_pb_slider _builder_version=&#8220;4.16&#8243; min_height=&#8220;409px&#8220; auto=&#8220;on&#8220; global_colors_info=&#8220;{}&#8220;][et_pb_slide _builder_version=&#8220;4.16&#8243; background_image=&#8220;https:\/\/tms-lohnbetrieb.de\/wp-content\/uploads\/2020\/06\/0f87621f-f0ce-4b4b-b0de-eb963f57ac00.jpg&#8220; background_enable_image=&#8220;on&#8220; global_colors_info=&#8220;{}&#8220; sticky_transition=&#8220;on&#8220;][\/et_pb_slide][et_pb_slide _builder_version=&#8220;4.16&#8243; background_image=&#8220;https:\/\/tms-lohnbetrieb.de\/wp-content\/uploads\/2020\/06\/0bf334c8-94a7-42bd-9399-6b4a0adb88f6.jpg&#8220; background_enable_image=&#8220;on&#8220; global_colors_info=&#8220;{}&#8220; sticky_transition=&#8220;on&#8220;][\/et_pb_slide][et_pb_slide _builder_version=&#8220;4.16&#8243; background_image=&#8220;https:\/\/tms-lohnbetrieb.de\/wp-content\/uploads\/2020\/06\/77a24fa5-bf30-4fbc-bd73-5ba7dc5f1a8d.jpg&#8220; background_enable_image=&#8220;on&#8220; global_colors_info=&#8220;{}&#8220; sticky_transition=&#8220;on&#8220;][\/et_pb_slide][\/et_pb_slider][\/et_pb_column][et_pb_column type=&#8220;2_5&#8243; _builder_version=&#8220;4.16&#8243; global_colors_info=&#8220;{}&#8220;][et_pb_text _builder_version=&#8220;4.16&#8243; global_colors_info=&#8220;{}&#8220;]<\/p>\n<h2>\u00a0<strong><span>Claas Disco 9100 AS<\/span><\/strong><\/h2>\n<ul>\n<li>\n<h2><span>9,10m Arbeitsbreite<\/span><\/h2>\n<\/li>\n<li>\n<h2><span>hydropneumatische Entlastung der M\u00e4hwerke zur besseren Bodenanpassung und Minimierung des Rohaschegehaltes im Futter<\/span><\/h2>\n<\/li>\n<li>\n<h2><span>Aufbereiter<\/span><\/h2>\n<\/li>\n<li>\n<h2><span>wahlweise mit Schwad-Zusammenf\u00fchrung m\u00f6glich<\/span><\/h2>\n<\/li>\n<\/ul>\n<p>[\/et_pb_text][\/et_pb_column][\/et_pb_row][et_pb_row column_structure=&#8220;2_5,3_5&#8243; _builder_version=&#8220;4.16&#8243; global_colors_info=&#8220;{}&#8220;][et_pb_column type=&#8220;2_5&#8243; _builder_version=&#8220;4.16&#8243; global_colors_info=&#8220;{}&#8220;][et_pb_text _builder_version=&#8220;4.16&#8243; global_colors_info=&#8220;{}&#8220;]<\/p>\n<h2><strong><b>Claas Disco 9100 Butterfly M\u00e4hkom<\/b>bination<br \/> <\/strong><\/h2>\n<ul>\n<li>\n<h2>9,10m Arbeitsbreite<\/h2>\n<\/li>\n<li>\n<h2>hydropneumatische Entlastung der M\u00e4hwerke zur besseren Bodenanpassung und Minimierung des Rohaschegehaltes im Futter<\/h2>\n<\/li>\n<\/ul>\n<p>[\/et_pb_text][\/et_pb_column][et_pb_column type=&#8220;3_5&#8243; _builder_version=&#8220;4.16&#8243; global_colors_info=&#8220;{}&#8220;][et_pb_image src=&#8220;https:\/\/tms-lohnbetrieb.de\/wp-content\/uploads\/2020\/06\/SCHLEPPER.png&#8220; title_text=&#8220;SCHLEPPER&#8220; _builder_version=&#8220;4.16&#8243; global_colors_info=&#8220;{}&#8220;][\/et_pb_image][\/et_pb_column][\/et_pb_row][et_pb_row column_structure=&#8220;3_5,2_5&#8243; _builder_version=&#8220;4.16&#8243; global_colors_info=&#8220;{}&#8220;][et_pb_column type=&#8220;3_5&#8243; _builder_version=&#8220;4.16&#8243; global_colors_info=&#8220;{}&#8220;][et_pb_slider _builder_version=&#8220;4.16&#8243; min_height=&#8220;429px&#8220; auto=&#8220;on&#8220; global_colors_info=&#8220;{}&#8220;][et_pb_slide _builder_version=&#8220;4.16&#8243; background_image=&#8220;https:\/\/tms-lohnbetrieb.de\/wp-content\/uploads\/2020\/06\/70f47a3d-6415-445b-9229-756fa5808e26.jpg&#8220; background_enable_image=&#8220;on&#8220; global_colors_info=&#8220;{}&#8220; sticky_transition=&#8220;on&#8220;][\/et_pb_slide][et_pb_slide _builder_version=&#8220;4.16&#8243; background_image=&#8220;https:\/\/tms-lohnbetrieb.de\/wp-content\/uploads\/2020\/06\/0474173a-35c1-4a52-b262-4a4bfabf9b7a.jpg&#8220; background_enable_image=&#8220;on&#8220; global_colors_info=&#8220;{}&#8220; sticky_transition=&#8220;on&#8220;][\/et_pb_slide][et_pb_slide _builder_version=&#8220;4.16&#8243; background_image=&#8220;https:\/\/tms-lohnbetrieb.de\/wp-content\/uploads\/2020\/06\/8e5b8f3c-8ad8-4787-8dd7-6ec002d015ce.jpg&#8220; background_enable_image=&#8220;on&#8220; global_colors_info=&#8220;{}&#8220; sticky_transition=&#8220;on&#8220;][\/et_pb_slide][et_pb_slide _builder_version=&#8220;4.16&#8243; background_image=&#8220;https:\/\/tms-lohnbetrieb.de\/wp-content\/uploads\/2020\/06\/31263c8e-4d7b-4361-90de-57950d65266c.jpg&#8220; background_enable_image=&#8220;on&#8220; global_colors_info=&#8220;{}&#8220; sticky_transition=&#8220;on&#8220;][\/et_pb_slide][\/et_pb_slider][\/et_pb_column][et_pb_column type=&#8220;2_5&#8243; _builder_version=&#8220;4.16&#8243; global_colors_info=&#8220;{}&#8220;][et_pb_text _builder_version=&#8220;4.16&#8243; global_colors_info=&#8220;{}&#8220;]<\/p>\n<h2><strong>Claas Liner 3500 &#8211; Vierkreisel Gro\u00dffl\u00e4chenschwader<br \/><\/strong><\/h2>\n<ul>\n<li>\n<h2>9,90m bis 12,50m Arbeitsbreite<\/h2>\n<\/li>\n<li>\n<h2>hydraulische H\u00f6henverstellung der Kreisel zur schnellen Anpassung an verschiedenste Bodenverh\u00e4ltnisse<\/h2>\n<\/li>\n<li>\n<h2>Einzelkreiselaushebung<\/h2>\n<\/li>\n<\/ul>\n<p>[\/et_pb_text][\/et_pb_column][\/et_pb_row][et_pb_row column_structure=&#8220;2_5,3_5&#8243; _builder_version=&#8220;4.16&#8243; global_colors_info=&#8220;{}&#8220;][et_pb_column type=&#8220;2_5&#8243; _builder_version=&#8220;4.16&#8243; global_colors_info=&#8220;{}&#8220;][et_pb_text _builder_version=&#8220;4.16&#8243; global_colors_info=&#8220;{}&#8220;]<\/p>\n<h2><strong>Walzen mit Fendt 939 Vario<br \/> <\/strong><\/h2>\n<ul>\n<li>\n<h2>Reck &#8211; Silo- Verteiler JUMBO 2 &amp; Fr\u00e4se<\/h2>\n<\/li>\n<li>\n<h2>3,6m Schiebeschild<\/h2>\n<\/li>\n<li>\n<h2>hohe Walzleistung durch beste Balastierung (17t)<\/h2>\n<\/li>\n<li>\n<h2>Zwillings &#8211; Bereifung<\/h2>\n<\/li>\n<\/ul>\n<p>[\/et_pb_text][\/et_pb_column][et_pb_column type=&#8220;3_5&#8243; _builder_version=&#8220;4.16&#8243; global_colors_info=&#8220;{}&#8220;][et_pb_slider _builder_version=&#8220;4.16&#8243; min_height=&#8220;413px&#8220; auto=&#8220;on&#8220; global_colors_info=&#8220;{}&#8220;][et_pb_slide _builder_version=&#8220;4.16&#8243; background_image=&#8220;https:\/\/tms-lohnbetrieb.de\/wp-content\/uploads\/2020\/06\/f7167cbd-c588-48f1-a93d-58f4ce934dc4.jpg&#8220; background_enable_image=&#8220;on&#8220; global_colors_info=&#8220;{}&#8220; sticky_transition=&#8220;on&#8220;][\/et_pb_slide][et_pb_slide _builder_version=&#8220;4.16&#8243; background_image=&#8220;https:\/\/tms-lohnbetrieb.de\/wp-content\/uploads\/2020\/06\/a14dec7b-3352-4f2b-85b1-f1faff1bb289.jpg&#8220; background_enable_image=&#8220;on&#8220; global_colors_info=&#8220;{}&#8220; sticky_transition=&#8220;on&#8220;][\/et_pb_slide][\/et_pb_slider][\/et_pb_column][\/et_pb_row][et_pb_row column_structure=&#8220;3_5,2_5&#8243; _builder_version=&#8220;4.16&#8243; global_colors_info=&#8220;{}&#8220;][et_pb_column type=&#8220;3_5&#8243; _builder_version=&#8220;4.16&#8243; global_colors_info=&#8220;{}&#8220;][et_pb_slider _builder_version=&#8220;4.16&#8243; min_height=&#8220;368px&#8220; auto=&#8220;on&#8220; global_colors_info=&#8220;{}&#8220;][et_pb_slide _builder_version=&#8220;4.16&#8243; background_image=&#8220;https:\/\/tms-lohnbetrieb.de\/wp-content\/uploads\/2020\/06\/ebfba780-dde4-4717-8154-31031cbc20b5.jpg&#8220; background_enable_image=&#8220;on&#8220; global_colors_info=&#8220;{}&#8220; sticky_transition=&#8220;on&#8220;][\/et_pb_slide][et_pb_slide _builder_version=&#8220;4.16&#8243; background_image=&#8220;https:\/\/tms-lohnbetrieb.de\/wp-content\/uploads\/2020\/06\/e78101d0-3f45-445f-a377-e80d563070fd.jpg&#8220; background_enable_image=&#8220;on&#8220; global_colors_info=&#8220;{}&#8220; sticky_transition=&#8220;on&#8220;][\/et_pb_slide][et_pb_slide _builder_version=&#8220;4.16&#8243; background_image=&#8220;https:\/\/tms-lohnbetrieb.de\/wp-content\/uploads\/2020\/06\/8f57c620-85e3-4338-8c25-4ca3be2ca643.jpg&#8220; background_enable_image=&#8220;on&#8220; global_colors_info=&#8220;{}&#8220; sticky_transition=&#8220;on&#8220;][\/et_pb_slide][\/et_pb_slider][\/et_pb_column][et_pb_column type=&#8220;2_5&#8243; _builder_version=&#8220;4.16&#8243; global_colors_info=&#8220;{}&#8220;][et_pb_text _builder_version=&#8220;4.16&#8243; global_colors_info=&#8220;{}&#8220;]<\/p>\n<h2><strong>Walzen mit Claas Xerion<br \/> <\/strong><\/h2>\n<ul>\n<li>\n<h2>Reck- Silo- Verteiler JUMBO 2\u00a0<\/h2>\n<\/li>\n<li>\n<h2>5 m Schiebeschild (klappbar)<\/h2>\n<\/li>\n<li>\n<h2>hohe Walzleistung durch beste Balastierung (17t)<\/h2>\n<\/li>\n<li>\n<h2>900er Bereifung<\/h2>\n<\/li>\n<\/ul>\n<p>[\/et_pb_text][\/et_pb_column][\/et_pb_row][et_pb_row column_structure=&#8220;2_5,3_5&#8243; _builder_version=&#8220;4.16&#8243; global_colors_info=&#8220;{}&#8220;][et_pb_column type=&#8220;2_5&#8243; _builder_version=&#8220;4.16&#8243; global_colors_info=&#8220;{}&#8220;][et_pb_text _builder_version=&#8220;4.16&#8243; global_colors_info=&#8220;{}&#8220;]<\/p>\n<h2><strong>Silagetransport<br \/><\/strong><\/h2>\n<ul>\n<li>\n<h2>40m\u00b3 Bergmann Abfahrwagen<\/h2>\n<\/li>\n<li>\n<h2>Dosierwalzen<\/h2>\n<\/li>\n<li>\n<h2>bodenschonende Bereifung<\/h2>\n<\/li>\n<li>\n<h2>Solo oder als Gespann<\/h2>\n<\/li>\n<\/ul>\n<p>[\/et_pb_text][\/et_pb_column][et_pb_column type=&#8220;3_5&#8243; _builder_version=&#8220;4.16&#8243; global_colors_info=&#8220;{}&#8220;][et_pb_slider _builder_version=&#8220;4.16&#8243; min_height=&#8220;398px&#8220; auto=&#8220;on&#8220; global_colors_info=&#8220;{}&#8220;][et_pb_slide _builder_version=&#8220;4.16&#8243; background_image=&#8220;https:\/\/tms-lohnbetrieb.de\/wp-content\/uploads\/2020\/06\/ba58f9ff-03f6-49a8-9c6d-5071a1bde138.jpg&#8220; background_enable_image=&#8220;on&#8220; global_colors_info=&#8220;{}&#8220; sticky_transition=&#8220;on&#8220;][\/et_pb_slide][et_pb_slide _builder_version=&#8220;4.16&#8243; background_image=&#8220;https:\/\/tms-lohnbetrieb.de\/wp-content\/uploads\/2020\/06\/ab29b53b-d997-41f9-bd3d-0ff3529e623b.jpg&#8220; background_enable_image=&#8220;on&#8220; global_colors_info=&#8220;{}&#8220; sticky_transition=&#8220;on&#8220;][\/et_pb_slide][et_pb_slide _builder_version=&#8220;4.16&#8243; background_image=&#8220;https:\/\/tms-lohnbetrieb.de\/wp-content\/uploads\/2020\/06\/f6850698-a6c5-4f51-a0ad-ed5bb3d26236.jpg&#8220; background_enable_image=&#8220;on&#8220; global_colors_info=&#8220;{}&#8220; sticky_transition=&#8220;on&#8220;][\/et_pb_slide][\/et_pb_slider][\/et_pb_column][\/et_pb_row][et_pb_row _builder_version=&#8220;4.27.4&#8243; _module_preset=&#8220;default&#8220; column_structure=&#8220;1_2,1_2&#8243;][et_pb_column _builder_version=&#8220;4.27.4&#8243; _module_preset=&#8220;default&#8220; type=&#8220;1_2&#8243;][et_pb_text _builder_version=&#8220;4.27.4&#8243; _module_preset=&#8220;default&#8220; hover_enabled=&#8220;0&#8243; sticky_enabled=&#8220;0&#8243;]<\/p>\n<h2>Krone Abfahrwagen<\/h2>\n<p>[\/et_pb_text][\/et_pb_column][et_pb_column _builder_version=&#8220;4.27.4&#8243; _module_preset=&#8220;default&#8220; type=&#8220;1_2&#8243;][et_pb_image src=&#8220;https:\/\/tms-lohnbetrieb.de\/wp-content\/uploads\/2025\/02\/PHOTO-2025-02-06-21-29-54-1-1-scaled.jpg&#8220; _builder_version=&#8220;4.27.4&#8243; _module_preset=&#8220;default&#8220; title_text=&#8220;PHOTO-2025-02-06-21-29-54 (1) (1)&#8220; hover_enabled=&#8220;0&#8243; sticky_enabled=&#8220;0&#8243;][\/et_pb_image][\/et_pb_column][\/et_pb_row][\/et_pb_section][et_pb_section fb_built=&#8220;1&#8243; theme_builder_area=&#8220;post_content&#8220; _builder_version=&#8220;4.27.4&#8243; _module_preset=&#8220;default&#8220;][\/et_pb_section]<\/p>\n","protected":false},"excerpt":{"rendered":"<p>Egal ob &#8230; H\u00e4ckseln, M\u00e4hen, Schwaden, Walzen oder Transport &#8230; Wir sind f\u00fcr Sie da\u00a0 &#8211; mit modernster Technik !\u00a0 &nbsp; &nbsp; &nbsp;&#8218;Krone Big X 770 Feldh\u00e4cksler\u00a0\u2192\u00a0&#8222;BERNARD&#8220; 3m EasyFlow PickUp 6,2m X-Disc Direktschneidwerk f\u00fcr GPS 40 Messer Biogastrommel f\u00fcr k\u00fcrzeste Schnittl\u00e4ngen in Verbindung mit Direktschneidwerk f\u00fcr GPS elektronisch gesteuerte Dosiermittelanlage Krone Big X 770 &#8222;Harald&#8220; [&hellip;]<\/p>\n","protected":false},"author":1,"featured_media":10,"parent":0,"menu_order":26,"comment_status":"closed","ping_status":"closed","template":"","meta":{"_et_pb_use_builder":"on","_et_pb_old_content":"<p><strong><span style=\"font-size: medium;\">Egal ob H\u00e4ckseln, M\u00e4hen, Schwaden, Walzen oder Transport ...<\/span><\/strong><\/p> <p><strong><span style=\"font-size: medium;\">Wir sind f\u00fcr Sie da\u00a0 - mit modernster Technik !<\/span><\/strong>\u00a0<\/p> <p>\u00a0<\/p> <hr \/> <p>\u00a0<\/p> <p>\u00a0<\/p> <p style=\"text-align: left;\"><strong><span style=\"font-size: medium;\">Krone Big X 700 Feldh\u00e4cksler\u00a0\u2192\u00a0\"MICHI\"<br \/><\/span><\/strong><\/p> <ul style=\"list-style-type: disc;\"> <li style=\"list-style-type: none;\"> <ul style=\"list-style-type: disc;\"> <li>3m EasyFlow PickUp<\/li> <li>6,2m X-Disc Direktschneidwerk f\u00fcr GPS<\/li> <li>40 Messer Biogastrommel f\u00fcr k\u00fcrzeste Schnittl\u00e4ngen in Verbindung mit Direktschneidwerk f\u00fcr GPS<\/li> <li>elektronisch gesteuerte Dosiermittelanlage<\/li> <\/ul> <p><img class=\" size-full wp-image-10\" src=\"https:\/\/tms-lohnbetrieb.de\/wp-content\/uploads\/2014\/01\/images_Bilder_DL_GPShckseln.jpg\" alt=\"\" width=\"312\" height=\"234\" \/>\u00a0\u00a0<img class=\" size-full wp-image-11\" src=\"https:\/\/tms-lohnbetrieb.de\/wp-content\/uploads\/2014\/01\/images_EVQF8231.JPG\" alt=\"\" width=\"175\" height=\"234\" \/>\u00a0\u00a0<img class=\" size-full wp-image-12\" src=\"https:\/\/tms-lohnbetrieb.de\/wp-content\/uploads\/2014\/01\/images_MTBV2069.JPG\" alt=\"\" width=\"311\" height=\"234\" \/>\u00a0\u00a0<\/p> <\/li> <\/ul> <hr \/> <p style=\"text-align: left;\">\u00a0<\/p> <p style=\"text-align: left;\"><strong><span style=\"font-size: medium;\">'Krone Big X 770 Feldh\u00e4cksler\u00a0\u2192\u00a0\"BERNARD\"<br \/><\/span><\/strong><\/p> <ul style=\"list-style-type: disc;\"> <li>elektronisch gesteuerte Dosiermittelanlage<\/li> <\/ul> <p>\u00a0\u00a0\u00a0<img class=\" size-full wp-image-13\" src=\"https:\/\/tms-lohnbetrieb.de\/wp-content\/uploads\/2014\/01\/images_NRBC9365.JPG\" alt=\"\" width=\"311\" height=\"233\" \/><\/p> <p>\u00a0<\/p> <hr \/> <p>\u00a0<strong><span style=\"font-size: medium;\">Claas Disco 9100 AS<\/span><\/strong><\/p> <ul> <li style=\"text-align: left;\"><span style=\"font-size: 10pt;\">9,10m Arbeitsbreite<\/span><\/li> <li style=\"text-align: left;\"><span style=\"font-size: 10pt;\">hydropneumatische Entlastung der M\u00e4hwerke zur besseren Bodenanpassung und Minimierung des Rohaschegehaltes im Futter<\/span><\/li> <li style=\"text-align: left;\"><span style=\"font-size: 10pt;\">Aufbereiter<\/span><\/li> <li style=\"text-align: left;\"><span style=\"font-size: 10pt;\">wahlweise mit Schwad-Zusammenf\u00fchrung m\u00f6glich<\/span><\/li> <\/ul> <p style=\"text-align: left;\">\u00a0<\/p> <p style=\"text-align: left;\">\u00a0<\/p> <p style=\"text-align: left;\">\u00a0<\/p> <hr \/> <p style=\"text-align: left;\">\u00a0<\/p> <p style=\"text-align: left;\"><strong><span style=\"font-size: medium;\"><b>Claas Disco 9100 Butterfly M\u00e4hkom<\/b>bination<br \/><\/span><\/strong><\/p> <ul style=\"list-style-type: disc;\"> <li>9,10m Arbeitsbreite<\/li> <li>hydropneumatische Entlastung der M\u00e4hwerke zur besseren Bodenanpassung und Minimierung des Rohaschegehaltes im Futter<\/li> <\/ul> <p><img class=\" size-full wp-image-14\" src=\"https:\/\/tms-lohnbetrieb.de\/wp-content\/uploads\/2014\/01\/images_Bilder_DL_Mhen.jpg\" alt=\"\" height=\"200\" \/><img class=\" size-full wp-image-15\" src=\"https:\/\/tms-lohnbetrieb.de\/wp-content\/uploads\/2014\/01\/images_GOPV8289.JPG\" alt=\"\" width=\"268\" height=\"201\" \/><\/p> <p>\u00a0<\/p> <hr \/> <p>\u00a0<\/p> <p style=\"text-align: left;\"><strong><span style=\"font-size: medium;\">Claas Liner 3500 - Vierkreisel Gro\u00dffl\u00e4chenschwader<br \/><\/span><\/strong><\/p> <ul style=\"list-style-type: disc;\"> <li>9,90m bis 12,50m Arbeitsbreite<\/li> <li>hydraulische H\u00f6henverstellung der Kreisel zur schnellen Anpassung an verschiedenste Bodenverh\u00e4ltnisse<\/li> <li>Einzelkreiselaushebung<\/li> <\/ul> <p><img class=\" size-full wp-image-16\" src=\"https:\/\/tms-lohnbetrieb.de\/wp-content\/uploads\/2014\/01\/images_Bilder_DL_Schwaden.jpeg\" alt=\"\" height=\"200\" \/><\/p> <p>\u00a0<\/p> <hr \/> <p>\u00a0<strong><span style=\"font-size: medium;\">Walzen mit Fendt 939 Vario<br \/><\/span><\/strong><\/p> <ul style=\"list-style-type: disc;\"> <li>Flachsiloverteiler mit beidseitigen Schwadt\u00fcchern<\/li> <li>3,6m Schiebeschild<\/li> <li>hohe Walzleistung durch beste Balastierung (17t)<\/li> <li>900er Bereifung<\/li> <\/ul> <p><img class=\" size-full wp-image-17\" src=\"https:\/\/tms-lohnbetrieb.de\/wp-content\/uploads\/2014\/01\/images_Bilder_DL_GPSschieben.jpg\" alt=\"\" height=\"200\" \/><img class=\" size-full wp-image-18\" src=\"https:\/\/tms-lohnbetrieb.de\/wp-content\/uploads\/2014\/01\/images_Bilder_DL_Walzen.jpeg\" alt=\"\" height=\"200\" \/>\u00a0\u00a0<\/p> <p>\u00a0<\/p> <hr \/> <p>\u00a0\u00a0<\/p> <p style=\"text-align: left;\"><strong><span style=\"font-size: medium;\">Silagetransport<br \/><\/span><\/strong><\/p> <ul style=\"list-style-type: disc;\"> <li>40m\u00b3 Bergmann Abfahrwagen<\/li> <li>Dosierwalzen<\/li> <li>bodenschonende Bereifung<\/li> <li>Solo oder als Gespann<\/li> <\/ul> <p><img class=\" size-full wp-image-19\" src=\"https:\/\/tms-lohnbetrieb.de\/wp-content\/uploads\/2014\/01\/images_Bilder_DL_1a8b87b0b845ed27caeb6376def639b8.jpg\" alt=\"\" height=\"200\" \/><\/p>","_et_gb_content_width":"","footnotes":""},"class_list":["post-20","page","type-page","status-publish","has-post-thumbnail","hentry"],"_links":{"self":[{"href":"https:\/\/tms-lohnbetrieb.de\/index.php\/wp-json\/wp\/v2\/pages\/20","targetHints":{"allow":["GET"]}}],"collection":[{"href":"https:\/\/tms-lohnbetrieb.de\/index.php\/wp-json\/wp\/v2\/pages"}],"about":[{"href":"https:\/\/tms-lohnbetrieb.de\/index.php\/wp-json\/wp\/v2\/types\/page"}],"author":[{"embeddable":true,"href":"https:\/\/tms-lohnbetrieb.de\/index.php\/wp-json\/wp\/v2\/users\/1"}],"replies":[{"embeddable":true,"href":"https:\/\/tms-lohnbetrieb.de\/index.php\/wp-json\/wp\/v2\/comments?post=20"}],"version-history":[{"count":18,"href":"https:\/\/tms-lohnbetrieb.de\/index.php\/wp-json\/wp\/v2\/pages\/20\/revisions"}],"predecessor-version":[{"id":1347,"href":"https:\/\/tms-lohnbetrieb.de\/index.php\/wp-json\/wp\/v2\/pages\/20\/revisions\/1347"}],"wp:featuredmedia":[{"embeddable":true,"href":"https:\/\/tms-lohnbetrieb.de\/index.php\/wp-json\/wp\/v2\/media\/10"}],"wp:attachment":[{"href":"https:\/\/tms-lohnbetrieb.de\/index.php\/wp-json\/wp\/v2\/media?parent=20"}],"curies":[{"name":"wp","href":"https:\/\/api.w.org\/{rel}","templated":true}]}}