{"id":2,"date":"2014-01-19T19:30:02","date_gmt":"2014-01-19T19:30:02","guid":{"rendered":"https:\/\/backup.tms-lohnbetrieb.de\/index.php\/startseite\/"},"modified":"2025-02-25T20:30:49","modified_gmt":"2025-02-25T19:30:49","slug":"startseite","status":"publish","type":"page","link":"https:\/\/tms-lohnbetrieb.de\/","title":{"rendered":"TMS Startseite"},"content":{"rendered":"<p>[et_pb_section fb_built=&#8220;1&#8243; _builder_version=&#8220;4.16&#8243; global_colors_info=&#8220;{}&#8220;][et_pb_row _builder_version=&#8220;4.16&#8243; background_color=&#8220;rgba(0,0,0,0)&#8220; background_size=&#8220;initial&#8220; background_position=&#8220;top_left&#8220; background_repeat=&#8220;repeat&#8220; custom_padding=&#8220;14px|||||&#8220; animation_style=&#8220;fade&#8220; global_colors_info=&#8220;{}&#8220;][et_pb_column type=&#8220;4_4&#8243; _builder_version=&#8220;4.16&#8243; custom_padding=&#8220;|||&#8220; global_colors_info=&#8220;{}&#8220; custom_padding__hover=&#8220;|||&#8220;][et_pb_slider _builder_version=&#8220;4.27.4&#8243; background_color=&#8220;#44580e&#8220; min_height=&#8220;650px&#8220; custom_padding=&#8220;183px|||||&#8220; animation_style=&#8220;fade&#8220; auto=&#8220;on&#8220; hover_enabled=&#8220;0&#8243; border_color_all=&#8220;#44580e&#8220; global_colors_info=&#8220;{}&#8220; sticky_enabled=&#8220;0&#8243;][et_pb_slide heading=&#8220;Gr\u00fcnfutterernte&#8220; _builder_version=&#8220;4.16&#8243; background_image=&#8220;https:\/\/tms-lohnbetrieb.de\/wp-content\/uploads\/2020\/06\/52bf2663-ba63-4d9f-8a99-1602a469cc43.jpg&#8220; background_enable_image=&#8220;on&#8220; global_colors_info=&#8220;{}&#8220; sticky_transition=&#8220;on&#8220;][\/et_pb_slide][et_pb_slide heading=&#8220;Transport- Arbeiten&#8220; _builder_version=&#8220;4.16&#8243; background_image=&#8220;https:\/\/tms-lohnbetrieb.de\/wp-content\/uploads\/2020\/06\/77CF0AC3-268A-45B3-9996-4EA1D4D52494.jpeg&#8220; background_enable_image=&#8220;on&#8220; background_position=&#8220;top_center&#8220; global_colors_info=&#8220;{}&#8220; sticky_transition=&#8220;on&#8220;][\/et_pb_slide][et_pb_slide heading=&#8220;Pressen&#8220; _builder_version=&#8220;4.27.4&#8243; background_image=&#8220;https:\/\/tms-lohnbetrieb.de\/wp-content\/uploads\/2020\/06\/299b1d90-7929-4873-a50e-a189084c42ae.jpg&#8220; background_enable_image=&#8220;on&#8220; hover_enabled=&#8220;0&#8243; global_colors_info=&#8220;{}&#8220; sticky_transition=&#8220;on&#8220; title_text=&#8220;299b1d90-7929-4873-a50e-a189084c42ae&#8220; sticky_enabled=&#8220;0&#8243;][\/et_pb_slide][et_pb_slide heading=&#8220;Maisernte&#8220; _builder_version=&#8220;4.27.4&#8243; background_image=&#8220;https:\/\/tms-lohnbetrieb.de\/wp-content\/uploads\/2025\/02\/PHOTO-2025-02-06-21-29-59-1-1-scaled.jpg&#8220; background_enable_image=&#8220;on&#8220; hover_enabled=&#8220;0&#8243; global_colors_info=&#8220;{}&#8220; sticky_transition=&#8220;on&#8220; title_text=&#8220;PHOTO-2025-02-06-21-29-59 (1)&#8220; sticky_enabled=&#8220;0&#8243;][\/et_pb_slide][et_pb_slide heading=&#8220;Baumpflege- Arbeiten&#8220; _builder_version=&#8220;4.27.4&#8243; background_image=&#8220;https:\/\/tms-lohnbetrieb.de\/wp-content\/uploads\/2020\/06\/IMG_5232.jpg&#8220; background_enable_image=&#8220;on&#8220; hover_enabled=&#8220;0&#8243; global_colors_info=&#8220;{}&#8220; sticky_transition=&#8220;on&#8220; title_text=&#8220;IMG_5232&#8243; sticky_enabled=&#8220;0&#8243;][\/et_pb_slide][et_pb_slide heading=&#8220;H\u00e4ckseln&#8220; _builder_version=&#8220;4.16&#8243; background_image=&#8220;https:\/\/tms-lohnbetrieb.de\/wp-content\/uploads\/2017\/12\/images_Maisernte_TMS-3.jpg&#8220; background_enable_image=&#8220;on&#8220; global_colors_info=&#8220;{}&#8220; sticky_transition=&#8220;on&#8220;][\/et_pb_slide][et_pb_slide heading=&#8220;Baggerarbeiten&#8220; _builder_version=&#8220;4.16&#8243; background_image=&#8220;https:\/\/tms-lohnbetrieb.de\/wp-content\/uploads\/2020\/06\/images_DIFW3685.jpg&#8220; background_enable_image=&#8220;on&#8220; global_colors_info=&#8220;{}&#8220; sticky_transition=&#8220;on&#8220;][\/et_pb_slide][\/et_pb_slider][et_pb_text _builder_version=&#8220;4.27.3&#8243; global_colors_info=&#8220;{}&#8220;]<\/p>\n<h3>Herzlich willkommen beim TMS Lohnbetrieb!<\/h3>\n<h3>Auf den n\u00e4chsten Seiten m\u00f6chten wir Dir einen Einblick in unsere Leistungsvielfalt geben.<\/h3>\n<h3>Wir w\u00fcnschen Dir viel Spa\u00df und hoffen, dich bald pers\u00f6nlich bei uns begr\u00fc\u00dfen zu d\u00fcrfen.<\/h3>\n<h3>Dein Thorsten Maas<\/h3>\n<p>[\/et_pb_text][et_pb_text _builder_version=&#8220;4.27.4&#8243; _module_preset=&#8220;default&#8220; global_colors_info=&#8220;{}&#8220;]<\/p>\n<p>Bei TMS-Lohnbetrieb setzen wir alles daran, Deine individuellen Bed\u00fcrfnisse zu verstehen und in die Tat umzusetzen. Egal, ob Du Unterst\u00fctzung bei der Gr\u00fcnfutterernte, den Baggerarbeiten oder dem Winterdienst ben\u00f6tigst, unser engagiertes Team ist bereit, Dir mit Fachwissen und modernster Technik zur Seite zu stehen. Wir wissen, dass Zeit kostbar ist, deshalb bieten wir Dir zuverl\u00e4ssige Dienstleistungen, die Dir den Alltag erleichtern und gleichzeitig die Qualit\u00e4t Deiner Arbeit sichern. Lass uns gemeinsam Deine Projekte verwirklichen und erlebe, wie wir Deine Erwartungen nicht nur erf\u00fcllen, sondern \u00fcbertreffen k\u00f6nnen.<\/p>\n<p>[\/et_pb_text][\/et_pb_column][\/et_pb_row][et_pb_row column_structure=&#8220;1_3,1_3,1_3&#8243; _builder_version=&#8220;4.16&#8243; custom_padding=&#8220;44px||27px|||&#8220; global_colors_info=&#8220;{}&#8220;][et_pb_column type=&#8220;1_3&#8243; _builder_version=&#8220;4.16&#8243; background_color=&#8220;#edf000&#8243; global_colors_info=&#8220;{}&#8220;][et_pb_text _builder_version=&#8220;4.27.4&#8243; text_text_color=&#8220;#FFFFFF&#8220; background_color=&#8220;#44580e&#8220; min_height=&#8220;265px&#8220; custom_padding=&#8220;||0px|10px||&#8220; global_colors_info=&#8220;{}&#8220;]<\/p>\n<h2 style=\"text-align: center;\"><span style=\"color: #ffffff;\"><\/span><\/h2>\n<h2 style=\"text-align: center;\"><span style=\"color: #ffffff;\"><\/span><\/h2>\n<h2 style=\"text-align: center;\"><span style=\"color: #ffffff;\"><\/span><\/h2>\n<h2 style=\"text-align: center;\"><span style=\"color: #ffffff;\">Zuverl\u00e4ssigkeit ist UNSERE St\u00e4rke!<\/span><\/h2>\n<p style=\"text-align: center;\">Profitiere von uns und spare Zeit, \u00c4rger und Investitionskosten in teure Spezialmaschinen.<\/p>\n<p style=\"text-align: center;\">Vereinbare gerne schon jetzt einen Termin \u2013 ruf uns einfach an oder schreib eine kurze Mail an <strong><a rel=\"noopener\"><span>info<\/span><span>@tms<\/span><span>-lohnbetrieb<\/span><span>.de<\/span><\/a><\/strong>!<\/p>\n<p style=\"text-align: center;\">Wir freuen uns auf eine gute Zusammenarbeit mit dir!<\/p>\n<p style=\"text-align: center;\">\n<p style=\"text-align: center;\">\n<p style=\"text-align: center;\">\n<p style=\"text-align: center;\">\n<p style=\"text-align: center;\">\n<p style=\"text-align: center;\">\n<p>[\/et_pb_text][\/et_pb_column][et_pb_column type=&#8220;1_3&#8243; _builder_version=&#8220;4.16&#8243; global_colors_info=&#8220;{}&#8220;][et_pb_text _builder_version=&#8220;4.27.4&#8243; background_color=&#8220;#44580e&#8220; min_height=&#8220;362px&#8220; global_colors_info=&#8220;{}&#8220;]<\/p>\n<h3 style=\"text-align: center;\"><span style=\"color: #008080;\"><strong><\/strong><\/span><\/h3>\n<h3 style=\"text-align: center;\"><span style=\"color: #008080;\"><strong><\/strong><\/span><\/h3>\n<h3 style=\"text-align: center;\"><span style=\"color: #ffffff;\"><strong><\/strong><\/span><\/h3>\n<h2 style=\"text-align: center;\"><span style=\"color: #ffffff;\">Unsere gro\u00dfe Angebotspalette\u00a0<\/span><\/h2>\n<h3 style=\"text-align: center;\"><\/h3>\n<h3 style=\"text-align: center;\"><span style=\"color: #ffffff;\">&#8230; von Saat bis zu Ernte &#8230;<\/span><\/h3>\n<h3 style=\"text-align: center;\"><span style=\"color: #ffffff;\">&#8230; von der Knickpflege \u00fcber den Baumschnitt bis zur Gefahrbaumf\u00e4llung &#8230;<\/span><\/h3>\n<h3 style=\"text-align: center;\"><span style=\"color: #ffffff;\">&#8230; von der Wegepflege zum Winterdienst &#8230;<\/span><\/h3>\n<h3 style=\"text-align: center;\"><span style=\"color: #ffffff;\">&#8230;\u00a0<\/span><\/h3>\n<h3 style=\"text-align: center;\"><span style=\"color: #ffffff;\"><strong>w\u00e4chst stetig an\u00a0<\/strong><\/span><\/h3>\n<p><span style=\"color: #008080;\"><strong><\/strong><\/span><\/p>\n<p><span style=\"color: #008080;\"><strong><\/strong><\/span><\/p>\n<p><span style=\"color: #008080;\"><strong><\/strong><\/span><\/p>\n<p>[\/et_pb_text][\/et_pb_column][et_pb_column type=&#8220;1_3&#8243; _builder_version=&#8220;4.16&#8243; global_colors_info=&#8220;{}&#8220;][et_pb_text _builder_version=&#8220;4.27.4&#8243; background_color=&#8220;#44580e&#8220; min_height=&#8220;362px&#8220; custom_margin=&#8220;||104px|||&#8220; global_colors_info=&#8220;{}&#8220;]<\/p>\n<h3 style=\"text-align: center;\"><span style=\"color: #ffffff;\"><strong><\/strong><\/span><\/h3>\n<h3 style=\"text-align: center;\"><span style=\"color: #ffffff;\"><strong><\/strong><\/span><\/h3>\n<h3 style=\"text-align: center;\"><span style=\"color: #ffffff;\"><strong><\/strong><\/span><\/h3>\n<h2 style=\"text-align: center;\"><span style=\"color: #ffffff;\">Als Kunde stehst Du mit Deinen W\u00fcnschen bei uns im Mittelpunkt!<\/span><\/h2>\n<p style=\"text-align: center;\"><span style=\"color: #ffffff;\">Dank modernster, leistungsf\u00e4higer Maschinen und unserem Team aus qualifizierten, motivierten Mitarbeitern erf\u00fcllen wir Deine Erwartungen.<\/span><\/p>\n<p style=\"text-align: center;\"><span><\/span><\/p>\n<p style=\"text-align: center;\"><span><\/span><\/p>\n<p style=\"text-align: center;\"><span><\/span><\/p>\n<p style=\"text-align: center;\"><span><\/span><\/p>\n<p style=\"text-align: center;\"><span><\/span><\/p>\n<p style=\"text-align: center;\"><span><\/span><\/p>\n<p style=\"text-align: center;\"><span><\/span><\/p>\n<p>[\/et_pb_text][\/et_pb_column][\/et_pb_row][\/et_pb_section]<\/p>\n","protected":false},"excerpt":{"rendered":"<p>Herzlich willkommen beim TMS Lohnbetrieb! Auf den n\u00e4chsten Seiten m\u00f6chten wir Dir einen Einblick in unsere Leistungsvielfalt geben. Wir w\u00fcnschen Dir viel Spa\u00df und hoffen, dich bald pers\u00f6nlich bei uns begr\u00fc\u00dfen zu d\u00fcrfen. Dein Thorsten MaasBei TMS-Lohnbetrieb setzen wir alles daran, Deine individuellen Bed\u00fcrfnisse zu verstehen und in die Tat umzusetzen. Egal, ob Du Unterst\u00fctzung [&hellip;]<\/p>\n","protected":false},"author":1,"featured_media":0,"parent":0,"menu_order":29,"comment_status":"closed","ping_status":"closed","template":"","meta":{"_et_pb_use_builder":"on","_et_pb_old_content":"<p style=\"text-align: center;\"><span style=\"font-size: medium;\">Herzlich willkommen auf der Internetpr\u00e4senz von TMS Lohnbetrieb!\n<\/span><\/p>\n<p style=\"text-align: center;\"><span style=\"font-size: medium;\">Auf den folgenden Seiten m\u00f6chten wir Ihnen einen ersten Einblick in unsere<\/span><\/p>\n<p style=\"text-align: center;\"><span style=\"font-size: medium;\">Leistungsvielfalt geben. Bitte sehen Sie sich in aller Ruhe um.&nbsp;<\/span><\/p>\n<p style=\"text-align: center;\"><span style=\"font-size: medium;\">Wir w\u00fcnschen Ihnen viel Spa\u00df und hoffen, Sie bald pers\u00f6nlich bei uns begr\u00fc\u00dfen zu d\u00fcrfen.<\/span><\/p>\n<p style=\"text-align: center;\"><span style=\"font-size: medium;\">Ihr Thorsten Maas<\/span><\/p>\n<p style=\"text-align: center;\"><span style=\"font-size: medium;\">&nbsp;<\/span><\/p>\n<p style=\"text-align: center;\"><\/p>\n<p style=\"text-align: center;\"><\/p>\n<p style=\"text-align: center;\"><\/p>\n<p style=\"text-align: center;\"><img class=\" size-full wp-image-1\" src=\"https:\/\/tms-lohnbetrieb.de\/wp-content\/uploads\/2014\/01\/images_x_mas_2019.png\" alt=\"\" width=\"899\" height=\"655\"><\/p>\n<p style=\"text-align: center;\"><\/p>\n<p style=\"text-align: center;\"><\/p>\n<p style=\"text-align: center;\"><span style=\"font-size: medium;\">&nbsp;<\/span><\/p>\n<p style=\"text-align: center;\"><span style=\"font-size: medium;\">Unsere gro\u00dfe Angebotspalette<\/span><\/p>\n<p style=\"text-align: center;\"><span style=\"font-size: medium;\">- von Saat bis zu Ernte, von der Knickpflege \u00fcber den Baumschnitt bis zum Winterdienst -<\/span><\/p>\n<p style=\"text-align: center;\"><span style=\"font-size: medium;\">w\u00e4chst stetig an.<\/span><\/p>\n<p style=\"text-align: center;\"><\/p>\n<p style=\"text-align: center;\"><span style=\"font-size: medium;\">Als Kunde stehen Sie mir Ihren W\u00fcnschen bei uns im Mittelpunkt!<\/span><\/p>\n<p style=\"text-align: center;\"><span style=\"font-size: medium;\">Durch modernste, leistungsf\u00e4hige Maschinen und qualifizierte, motivierte Mitarbeiter erf\u00fcllen wir Ihre Erwartungen.<\/span><\/p>\n<p style=\"text-align: center;\"><\/p>\n<p style=\"text-align: center;\"><span style=\"font-size: medium;\"><strong>Zuverl\u00e4ssigkeit ist unsere St\u00e4rke!<\/strong><\/span><\/p>\n<p style=\"text-align: center;\"><\/p>\n<p style=\"text-align: center;\"><span style=\"font-size: medium;\">Profitieren Sie durch uns und ersparen Sie sich Zeit, \u00c4rger und hohe Investitionskosten in teure Spezialmaschinen.<\/span><\/p>\n<p style=\"text-align: center;\"><span style=\"font-size: medium;\">F\u00fcr die kommende Saison sind unsere Maschinen startklar und bereit!&nbsp;<\/span><\/p>\n<p style=\"text-align: center;\"><span style=\"font-size: medium;\">Gerne vereinbaren wir jetzt schon einen Termin - bitte rufen Sie uns an!<\/span><\/p>\n<p style=\"text-align: center;\"><\/p>\n<p style=\"text-align: center;\"><span style=\"font-size: medium;\">Wir freuen uns auf eine gute Zusammenarbeit mit Ihnen!<\/span><\/p>\n<p style=\"text-align: center;\"><\/p>\n<p style=\"text-align: center;\"><\/p>\n<p style=\"text-align: center;\"><\/p>\n<p style=\"text-align: center;\"><\/p>\n<p style=\"text-align: center;\"><\/p>","_et_gb_content_width":"","footnotes":""},"class_list":["post-2","page","type-page","status-publish","hentry"],"_links":{"self":[{"href":"https:\/\/tms-lohnbetrieb.de\/index.php\/wp-json\/wp\/v2\/pages\/2","targetHints":{"allow":["GET"]}}],"collection":[{"href":"https:\/\/tms-lohnbetrieb.de\/index.php\/wp-json\/wp\/v2\/pages"}],"about":[{"href":"https:\/\/tms-lohnbetrieb.de\/index.php\/wp-json\/wp\/v2\/types\/page"}],"author":[{"embeddable":true,"href":"https:\/\/tms-lohnbetrieb.de\/index.php\/wp-json\/wp\/v2\/users\/1"}],"replies":[{"embeddable":true,"href":"https:\/\/tms-lohnbetrieb.de\/index.php\/wp-json\/wp\/v2\/comments?post=2"}],"version-history":[{"count":29,"href":"https:\/\/tms-lohnbetrieb.de\/index.php\/wp-json\/wp\/v2\/pages\/2\/revisions"}],"predecessor-version":[{"id":1367,"href":"https:\/\/tms-lohnbetrieb.de\/index.php\/wp-json\/wp\/v2\/pages\/2\/revisions\/1367"}],"wp:attachment":[{"href":"https:\/\/tms-lohnbetrieb.de\/index.php\/wp-json\/wp\/v2\/media?parent=2"}],"curies":[{"name":"wp","href":"https:\/\/api.w.org\/{rel}","templated":true}]}}